{"id":505,"date":"2025-02-19T21:15:46","date_gmt":"2025-02-19T21:15:46","guid":{"rendered":"https:\/\/trulynolen.com.ni\/?page_id=505"},"modified":"2025-02-19T21:26:24","modified_gmt":"2025-02-19T21:26:24","slug":"recomendaciones-de-exclusion-para-murcielagos","status":"publish","type":"page","link":"https:\/\/trulynolen.com.ni\/index.php\/recomendaciones-de-exclusion-para-murcielagos\/","title":{"rendered":"Recomendaciones de Exclusi\u00f3n para Murci\u00e9lagos"},"content":{"rendered":"\t\t<div data-elementor-type=\"wp-page\" data-elementor-id=\"505\" class=\"elementor elementor-505\" data-elementor-post-type=\"page\">\n\t\t\t\t<div class=\"elementor-element elementor-element-26d26d5 e-flex e-con-boxed e-con e-parent\" data-id=\"26d26d5\" data-element_type=\"container\">\n\t\t\t\t\t<div class=\"e-con-inner\">\n\t\t\t\t<div class=\"elementor-element elementor-element-3ba23aa elementor-widget elementor-widget-text-editor\" data-id=\"3ba23aa\" data-element_type=\"widget\" data-widget_type=\"text-editor.default\">\n\t\t\t\t<div class=\"elementor-widget-container\">\n\t\t\t\t\t\t\t\t\t<p>Los murci\u00e9lagos desempe\u00f1an un papel crucial en el equilibrio de los ecosistemas, especialmente en el control de insectos y la polinizaci\u00f3n. Sin embargo, su presencia en entornos urbanos puede generar inquietudes debido a posibles riesgos sanitarios y da\u00f1os estructurales. En <strong data-start=\"275\" data-end=\"290\">Truly Nolen<\/strong>, comprendemos la importancia de proteger tanto a estos valiosos mam\u00edferos como a las propiedades humanas. Por ello, ofrecemos recomendaciones de exclusi\u00f3n que permiten una convivencia armoniosa, evitando su ingreso a edificaciones sin causarles da\u00f1o.<\/p>\t\t\t\t\t\t\t\t<\/div>\n\t\t\t\t<\/div>\n\t\t\t\t\t<\/div>\n\t\t\t\t<\/div>\n\t\t<div class=\"elementor-element elementor-element-faaeb9b e-flex e-con-boxed e-con e-parent\" data-id=\"faaeb9b\" data-element_type=\"container\">\n\t\t\t\t\t<div class=\"e-con-inner\">\n\t\t\t\t<div class=\"elementor-element elementor-element-4839095 elementor-widget elementor-widget-heading\" data-id=\"4839095\" data-element_type=\"widget\" data-widget_type=\"heading.default\">\n\t\t\t\t<div class=\"elementor-widget-container\">\n\t\t\t\t\t<h2 class=\"elementor-heading-title elementor-size-default\">Importancia de la Exclusi\u00f3n de Murci\u00e9lagos<\/h2>\t\t\t\t<\/div>\n\t\t\t\t<\/div>\n\t\t\t\t\t<\/div>\n\t\t\t\t<\/div>\n\t\t<div class=\"elementor-element elementor-element-f812cc6 e-flex e-con-boxed e-con e-parent\" data-id=\"f812cc6\" data-element_type=\"container\">\n\t\t\t\t\t<div class=\"e-con-inner\">\n\t\t\t\t<div class=\"elementor-element elementor-element-d40e035 elementor-widget elementor-widget-text-editor\" data-id=\"d40e035\" data-element_type=\"widget\" data-widget_type=\"text-editor.default\">\n\t\t\t\t<div class=\"elementor-widget-container\">\n\t\t\t\t\t\t\t\t\t<p data-start=\"590\" data-end=\"644\">La exclusi\u00f3n de murci\u00e9lagos es esencial para prevenir:<\/p><ul data-start=\"646\" data-end=\"1068\"><li data-start=\"646\" data-end=\"808\"><p data-start=\"648\" data-end=\"808\"><strong data-start=\"648\" data-end=\"671\">Riesgos Sanitarios:<\/strong> Aunque la incidencia es baja, los murci\u00e9lagos pueden ser portadores de enfermedades como la rabia. Evitar su ingreso reduce este riesgo.<\/p><\/li><li data-start=\"810\" data-end=\"953\"><p data-start=\"812\" data-end=\"953\"><strong data-start=\"812\" data-end=\"836\">Da\u00f1os Estructurales:<\/strong> La acumulaci\u00f3n de guano (excremento de murci\u00e9lago) puede deteriorar techos, paredes y otros elementos estructurales.<\/p><\/li><li data-start=\"955\" data-end=\"1068\"><p data-start=\"957\" data-end=\"1068\"><strong data-start=\"957\" data-end=\"988\">Molestias por Ruido y Olor:<\/strong> Colonias de murci\u00e9lagos pueden generar ruidos nocturnos y olores desagradables.<\/p><\/li><\/ul>\t\t\t\t\t\t\t\t<\/div>\n\t\t\t\t<\/div>\n\t\t\t\t\t<\/div>\n\t\t\t\t<\/div>\n\t\t<div class=\"elementor-element elementor-element-94e1ed7 e-flex e-con-boxed e-con e-parent\" data-id=\"94e1ed7\" data-element_type=\"container\">\n\t\t\t\t\t<div class=\"e-con-inner\">\n\t\t\t\t<div class=\"elementor-element elementor-element-722df23 elementor-widget elementor-widget-heading\" data-id=\"722df23\" data-element_type=\"widget\" data-widget_type=\"heading.default\">\n\t\t\t\t<div class=\"elementor-widget-container\">\n\t\t\t\t\t<h2 class=\"elementor-heading-title elementor-size-default\">Recomendaciones para la Exclusi\u00f3n Segura de Murci\u00e9lagos<\/h2>\t\t\t\t<\/div>\n\t\t\t\t<\/div>\n\t\t\t\t\t<\/div>\n\t\t\t\t<\/div>\n\t\t<div class=\"elementor-element elementor-element-31c0c1d e-flex e-con-boxed e-con e-parent\" data-id=\"31c0c1d\" data-element_type=\"container\">\n\t\t\t\t\t<div class=\"e-con-inner\">\n\t\t\t\t<div class=\"elementor-element elementor-element-983fba4 elementor-widget elementor-widget-text-editor\" data-id=\"983fba4\" data-element_type=\"widget\" data-widget_type=\"text-editor.default\">\n\t\t\t\t<div class=\"elementor-widget-container\">\n\t\t\t\t\t\t\t\t\t<p data-start=\"1133\" data-end=\"1172\"><strong data-start=\"1133\" data-end=\"1172\">Identificaci\u00f3n de Puntos de Acceso:<\/strong><\/p>\n<ul data-start=\"1176\" data-end=\"1506\">\n<li data-start=\"1176\" data-end=\"1345\"><strong data-start=\"1178\" data-end=\"1203\">Inspecci\u00f3n Detallada:<\/strong> Examine la edificaci\u00f3n para detectar grietas, rendijas o agujeros en techos, paredes y aleros que puedan servir de entrada a los murci\u00e9lagos.<\/li>\n<li data-start=\"1349\" data-end=\"1506\"><strong data-start=\"1351\" data-end=\"1380\">Observaci\u00f3n al Atardecer:<\/strong> Durante el anochecer, observe si hay murci\u00e9lagos saliendo de posibles puntos de acceso, lo que indicar\u00e1 sus rutas habituales.<\/li>\n<\/ul>\n<div><br><\/div>\n<div>\n<p data-start=\"1511\" data-end=\"1559\"><strong data-start=\"1511\" data-end=\"1559\">Implementaci\u00f3n de Dispositivos de Exclusi\u00f3n:<\/strong><\/p>\n<ul data-start=\"1563\" data-end=\"1940\">\n<li data-start=\"1563\" data-end=\"1764\"><strong data-start=\"1565\" data-end=\"1595\">V\u00e1lvulas Unidireccionales:<\/strong> Instale dispositivos que permitan la salida de los murci\u00e9lagos pero impidan su reingreso. Estos pueden fabricarse con materiales como mallas mosquiteras o tubos de PVC.<\/li>\n<li data-start=\"1768\" data-end=\"1940\"><strong data-start=\"1770\" data-end=\"1795\">Periodo de Exclusi\u00f3n:<\/strong> Mantenga estos dispositivos durante al menos 10 d\u00edas para asegurar que todos los murci\u00e9lagos hayan salido.<\/li>\n<\/ul>\n<div><br><\/div>\n<p data-start=\"1945\" data-end=\"1977\"><strong data-start=\"1945\" data-end=\"1977\">Sellado de Puntos de Acceso:<\/strong><\/p>\n<ul data-start=\"1981\" data-end=\"2257\">\n<li data-start=\"1981\" data-end=\"2142\"><strong data-start=\"1983\" data-end=\"2008\">Materiales Adecuados:<\/strong> Utilice espuma de poliuretano, silicona o masilla para sellar permanentemente las aberturas una vez que los murci\u00e9lagos hayan salido.<\/li>\n<li data-start=\"2146\" data-end=\"2257\"><strong data-start=\"2148\" data-end=\"2174\">Mantenimiento Regular:<\/strong> Realice inspecciones peri\u00f3dicas para garantizar que no se formen nuevas aberturas.<\/li>\n<\/ul>\n<div><br><\/div>\n<p data-start=\"2262\" data-end=\"2293\"><strong data-start=\"2262\" data-end=\"2293\">Consideraciones Temporales:<\/strong><\/p>\n<ul data-start=\"2297\" data-end=\"2625\">\n<li data-start=\"2297\" data-end=\"2485\"><strong data-start=\"2299\" data-end=\"2317\">\u00c9poca de Cr\u00eda:<\/strong> Evite realizar exclusiones durante los meses de cr\u00eda (generalmente de octubre a marzo) para no separar a las madres de sus cr\u00edas. <span data-state=\"closed\"><br><\/span><\/li>\n<li data-start=\"2489\" data-end=\"2625\"><strong data-start=\"2491\" data-end=\"2516\">Temporada Migratoria:<\/strong> Algunas especies migran en ciertas \u00e9pocas; planifique las acciones de exclusi\u00f3n considerando estos periodos.<\/li>\n<\/ul>\n<div><br><\/div>\n<\/div>\n<div><p data-start=\"2630\" data-end=\"2666\"><strong data-start=\"2630\" data-end=\"2666\">Medidas Preventivas Adicionales:<\/strong><\/p><ul data-start=\"2670\" data-end=\"2979\"><li data-start=\"2670\" data-end=\"2808\"><strong data-start=\"2672\" data-end=\"2700\">Reducci\u00f3n de Atractivos:<\/strong> Minimice fuentes de alimento cercanas, como acumulaciones de insectos, que puedan atraer a los murci\u00e9lagos.<\/li><li data-start=\"2812\" data-end=\"2979\"><strong data-start=\"2814\" data-end=\"2855\">Instalaci\u00f3n de Refugios Alternativos:<\/strong> Coloque cajas nido en \u00e1reas alejadas de la edificaci\u00f3n para ofrecerles un lugar seguro y mantenerlos fuera de su propiedad.<\/li><\/ul><\/div>\t\t\t\t\t\t\t\t<\/div>\n\t\t\t\t<\/div>\n\t\t\t\t\t<\/div>\n\t\t\t\t<\/div>\n\t\t<div class=\"elementor-element elementor-element-b2443af e-flex e-con-boxed e-con e-parent\" data-id=\"b2443af\" data-element_type=\"container\">\n\t\t\t\t\t<div class=\"e-con-inner\">\n\t\t\t\t<div class=\"elementor-element elementor-element-a63144e elementor-widget elementor-widget-heading\" data-id=\"a63144e\" data-element_type=\"widget\" data-widget_type=\"heading.default\">\n\t\t\t\t<div class=\"elementor-widget-container\">\n\t\t\t\t\t<h2 class=\"elementor-heading-title elementor-size-default\">Importancia de la Conservaci\u00f3n de Murci\u00e9lagos<\/h2>\t\t\t\t<\/div>\n\t\t\t\t<\/div>\n\t\t\t\t<div class=\"elementor-element elementor-element-c9918f9 elementor-widget elementor-widget-text-editor\" data-id=\"c9918f9\" data-element_type=\"widget\" data-widget_type=\"text-editor.default\">\n\t\t\t\t<div class=\"elementor-widget-container\">\n\t\t\t\t\t\t\t\t\t<p>Es vital recordar que los murci\u00e9lagos son especies protegidas en muchas regiones debido a su contribuci\u00f3n ecol\u00f3gica. Por ello, las acciones de exclusi\u00f3n deben realizarse de manera \u00e9tica y legal, evitando cualquier da\u00f1o a estos animales. En <strong data-start=\"3271\" data-end=\"3286\">Truly Nolen<\/strong>, promovemos pr\u00e1cticas responsables que aseguren la coexistencia pac\u00edfica entre humanos y murci\u00e9lagos.<\/p>\t\t\t\t\t\t\t\t<\/div>\n\t\t\t\t<\/div>\n\t\t\t\t<div class=\"elementor-element elementor-element-f5d2993 elementor-widget elementor-widget-heading\" data-id=\"f5d2993\" data-element_type=\"widget\" data-widget_type=\"heading.default\">\n\t\t\t\t<div class=\"elementor-widget-container\">\n\t\t\t\t\t<h2 class=\"elementor-heading-title elementor-size-default\"><h2 data-start=\"3390\" data-end=\"3433\">Servicios Profesionales de Asesoramiento<span style=\"font-family: var( --e-global-typography-primary-font-family ), Sans-serif;font-size: 2rem;font-weight: var( --e-global-typography-primary-font-weight );text-align: var(--text-align)\"><\/span><\/h2><\/h2>\t\t\t\t<\/div>\n\t\t\t\t<\/div>\n\t\t\t\t<div class=\"elementor-element elementor-element-0dec4d3 elementor-widget elementor-widget-text-editor\" data-id=\"0dec4d3\" data-element_type=\"widget\" data-widget_type=\"text-editor.default\">\n\t\t\t\t<div class=\"elementor-widget-container\">\n\t\t\t\t\t\t\t\t\t<p data-start=\"3435\" data-end=\"3768\">Si bien estas recomendaciones pueden ser implementadas por propietarios, contar con la asesor\u00eda de profesionales garantiza una exclusi\u00f3n efectiva y segura. Nuestro equipo en <strong data-start=\"3609\" data-end=\"3624\">Truly Nolen<\/strong> est\u00e1 capacitado para ofrecer soluciones adaptadas a cada situaci\u00f3n, respetando siempre la integridad de los murci\u00e9lagos y la normativa vigente.<\/p><p data-start=\"3770\" data-end=\"3934\">Para m\u00e1s informaci\u00f3n o asistencia personalizada, no dude en contactarnos. Juntos, podemos proteger su propiedad y conservar a estos valiosos aliados del ecosistema.<\/p>\t\t\t\t\t\t\t\t<\/div>\n\t\t\t\t<\/div>\n\t\t\t\t\t<\/div>\n\t\t\t\t<\/div>\n\t\t\t\t<\/div>\n\t\t","protected":false},"excerpt":{"rendered":"<p>Los murci\u00e9lagos desempe\u00f1an un papel crucial en el equilibrio de los ecosistemas, especialmente en el control de insectos y la polinizaci\u00f3n. Sin embargo, su presencia en entornos urbanos puede generar inquietudes debido a posibles riesgos sanitarios y da\u00f1os estructurales. En Truly Nolen, comprendemos la importancia de proteger tanto a estos valiosos mam\u00edferos como a las [&hellip;]<\/p>\n","protected":false},"author":1,"featured_media":0,"parent":0,"menu_order":0,"comment_status":"closed","ping_status":"closed","template":"","meta":{"saved_in_kubio":false,"footnotes":""},"class_list":["post-505","page","type-page","status-publish","hentry"],"kubio_ai_page_context":{"short_desc":"","purpose":"general"},"yoast_head":"<!-- This site is optimized with the Yoast SEO plugin v27.5 - https:\/\/yoast.com\/product\/yoast-seo-wordpress\/ -->\n<title>Recomendaciones de Exclusi\u00f3n para Murci\u00e9lagos -<\/title>\n<meta name=\"robots\" content=\"index, follow, max-snippet:-1, max-image-preview:large, max-video-preview:-1\" \/>\n<link rel=\"canonical\" href=\"https:\/\/trulynolen.com.ni\/index.php\/recomendaciones-de-exclusion-para-murcielagos\/\" \/>\n<meta property=\"og:locale\" content=\"es_ES\" \/>\n<meta property=\"og:type\" content=\"article\" \/>\n<meta property=\"og:title\" content=\"Recomendaciones de Exclusi\u00f3n para Murci\u00e9lagos -\" \/>\n<meta property=\"og:description\" content=\"Los murci\u00e9lagos desempe\u00f1an un papel crucial en el equilibrio de los ecosistemas, especialmente en el control de insectos y la polinizaci\u00f3n. Sin embargo, su presencia en entornos urbanos puede generar inquietudes debido a posibles riesgos sanitarios y da\u00f1os estructurales. En Truly Nolen, comprendemos la importancia de proteger tanto a estos valiosos mam\u00edferos como a las [&hellip;]\" \/>\n<meta property=\"og:url\" content=\"https:\/\/trulynolen.com.ni\/index.php\/recomendaciones-de-exclusion-para-murcielagos\/\" \/>\n<meta property=\"article:publisher\" content=\"https:\/\/www.facebook.com\/TrulyNolenNIC\" \/>\n<meta property=\"article:modified_time\" content=\"2025-02-19T21:26:24+00:00\" \/>\n<meta property=\"og:image\" content=\"https:\/\/trulynolen.com.ni\/wp-content\/uploads\/2024\/12\/Fondo-de-pantalla-coming-soon.jpg\" \/>\n\t<meta property=\"og:image:width\" content=\"1920\" \/>\n\t<meta property=\"og:image:height\" content=\"1080\" \/>\n\t<meta property=\"og:image:type\" content=\"image\/jpeg\" \/>\n<meta name=\"twitter:card\" content=\"summary_large_image\" \/>\n<meta name=\"twitter:label1\" content=\"Tiempo de lectura\" \/>\n\t<meta name=\"twitter:data1\" content=\"3 minutos\" \/>\n<script type=\"application\/ld+json\" class=\"yoast-schema-graph\">{\"@context\":\"https:\\\/\\\/schema.org\",\"@graph\":[{\"@type\":\"WebPage\",\"@id\":\"https:\\\/\\\/trulynolen.com.ni\\\/index.php\\\/recomendaciones-de-exclusion-para-murcielagos\\\/\",\"url\":\"https:\\\/\\\/trulynolen.com.ni\\\/index.php\\\/recomendaciones-de-exclusion-para-murcielagos\\\/\",\"name\":\"Recomendaciones de Exclusi\u00f3n para Murci\u00e9lagos -\",\"isPartOf\":{\"@id\":\"https:\\\/\\\/trulynolen.com.ni\\\/#website\"},\"datePublished\":\"2025-02-19T21:15:46+00:00\",\"dateModified\":\"2025-02-19T21:26:24+00:00\",\"breadcrumb\":{\"@id\":\"https:\\\/\\\/trulynolen.com.ni\\\/index.php\\\/recomendaciones-de-exclusion-para-murcielagos\\\/#breadcrumb\"},\"inLanguage\":\"es\",\"potentialAction\":[{\"@type\":\"ReadAction\",\"target\":[\"https:\\\/\\\/trulynolen.com.ni\\\/index.php\\\/recomendaciones-de-exclusion-para-murcielagos\\\/\"]}]},{\"@type\":\"BreadcrumbList\",\"@id\":\"https:\\\/\\\/trulynolen.com.ni\\\/index.php\\\/recomendaciones-de-exclusion-para-murcielagos\\\/#breadcrumb\",\"itemListElement\":[{\"@type\":\"ListItem\",\"position\":1,\"name\":\"Portada\",\"item\":\"https:\\\/\\\/trulynolen.com.ni\\\/\"},{\"@type\":\"ListItem\",\"position\":2,\"name\":\"Recomendaciones de Exclusi\u00f3n para Murci\u00e9lagos\"}]},{\"@type\":\"WebSite\",\"@id\":\"https:\\\/\\\/trulynolen.com.ni\\\/#website\",\"url\":\"https:\\\/\\\/trulynolen.com.ni\\\/\",\"name\":\"Truly Nolen Nicaragua\",\"description\":\"\",\"publisher\":{\"@id\":\"https:\\\/\\\/trulynolen.com.ni\\\/#organization\"},\"potentialAction\":[{\"@type\":\"SearchAction\",\"target\":{\"@type\":\"EntryPoint\",\"urlTemplate\":\"https:\\\/\\\/trulynolen.com.ni\\\/?s={search_term_string}\"},\"query-input\":{\"@type\":\"PropertyValueSpecification\",\"valueRequired\":true,\"valueName\":\"search_term_string\"}}],\"inLanguage\":\"es\"},{\"@type\":\"Organization\",\"@id\":\"https:\\\/\\\/trulynolen.com.ni\\\/#organization\",\"name\":\"Truly Nolen Nicaragua\",\"url\":\"https:\\\/\\\/trulynolen.com.ni\\\/\",\"logo\":{\"@type\":\"ImageObject\",\"inLanguage\":\"es\",\"@id\":\"https:\\\/\\\/trulynolen.com.ni\\\/#\\\/schema\\\/logo\\\/image\\\/\",\"url\":\"https:\\\/\\\/trulynolen.com.ni\\\/wp-content\\\/uploads\\\/2024\\\/12\\\/Untitled-design.jpg\",\"contentUrl\":\"https:\\\/\\\/trulynolen.com.ni\\\/wp-content\\\/uploads\\\/2024\\\/12\\\/Untitled-design.jpg\",\"width\":696,\"height\":696,\"caption\":\"Truly Nolen Nicaragua\"},\"image\":{\"@id\":\"https:\\\/\\\/trulynolen.com.ni\\\/#\\\/schema\\\/logo\\\/image\\\/\"},\"sameAs\":[\"https:\\\/\\\/www.facebook.com\\\/TrulyNolenNIC\"]}]}<\/script>\n<!-- \/ Yoast SEO plugin. -->","yoast_head_json":{"title":"Recomendaciones de Exclusi\u00f3n para Murci\u00e9lagos -","robots":{"index":"index","follow":"follow","max-snippet":"max-snippet:-1","max-image-preview":"max-image-preview:large","max-video-preview":"max-video-preview:-1"},"canonical":"https:\/\/trulynolen.com.ni\/index.php\/recomendaciones-de-exclusion-para-murcielagos\/","og_locale":"es_ES","og_type":"article","og_title":"Recomendaciones de Exclusi\u00f3n para Murci\u00e9lagos -","og_description":"Los murci\u00e9lagos desempe\u00f1an un papel crucial en el equilibrio de los ecosistemas, especialmente en el control de insectos y la polinizaci\u00f3n. Sin embargo, su presencia en entornos urbanos puede generar inquietudes debido a posibles riesgos sanitarios y da\u00f1os estructurales. En Truly Nolen, comprendemos la importancia de proteger tanto a estos valiosos mam\u00edferos como a las [&hellip;]","og_url":"https:\/\/trulynolen.com.ni\/index.php\/recomendaciones-de-exclusion-para-murcielagos\/","article_publisher":"https:\/\/www.facebook.com\/TrulyNolenNIC","article_modified_time":"2025-02-19T21:26:24+00:00","og_image":[{"width":1920,"height":1080,"url":"https:\/\/trulynolen.com.ni\/wp-content\/uploads\/2024\/12\/Fondo-de-pantalla-coming-soon.jpg","type":"image\/jpeg"}],"twitter_card":"summary_large_image","twitter_misc":{"Tiempo de lectura":"3 minutos"},"schema":{"@context":"https:\/\/schema.org","@graph":[{"@type":"WebPage","@id":"https:\/\/trulynolen.com.ni\/index.php\/recomendaciones-de-exclusion-para-murcielagos\/","url":"https:\/\/trulynolen.com.ni\/index.php\/recomendaciones-de-exclusion-para-murcielagos\/","name":"Recomendaciones de Exclusi\u00f3n para Murci\u00e9lagos -","isPartOf":{"@id":"https:\/\/trulynolen.com.ni\/#website"},"datePublished":"2025-02-19T21:15:46+00:00","dateModified":"2025-02-19T21:26:24+00:00","breadcrumb":{"@id":"https:\/\/trulynolen.com.ni\/index.php\/recomendaciones-de-exclusion-para-murcielagos\/#breadcrumb"},"inLanguage":"es","potentialAction":[{"@type":"ReadAction","target":["https:\/\/trulynolen.com.ni\/index.php\/recomendaciones-de-exclusion-para-murcielagos\/"]}]},{"@type":"BreadcrumbList","@id":"https:\/\/trulynolen.com.ni\/index.php\/recomendaciones-de-exclusion-para-murcielagos\/#breadcrumb","itemListElement":[{"@type":"ListItem","position":1,"name":"Portada","item":"https:\/\/trulynolen.com.ni\/"},{"@type":"ListItem","position":2,"name":"Recomendaciones de Exclusi\u00f3n para Murci\u00e9lagos"}]},{"@type":"WebSite","@id":"https:\/\/trulynolen.com.ni\/#website","url":"https:\/\/trulynolen.com.ni\/","name":"Truly Nolen Nicaragua","description":"","publisher":{"@id":"https:\/\/trulynolen.com.ni\/#organization"},"potentialAction":[{"@type":"SearchAction","target":{"@type":"EntryPoint","urlTemplate":"https:\/\/trulynolen.com.ni\/?s={search_term_string}"},"query-input":{"@type":"PropertyValueSpecification","valueRequired":true,"valueName":"search_term_string"}}],"inLanguage":"es"},{"@type":"Organization","@id":"https:\/\/trulynolen.com.ni\/#organization","name":"Truly Nolen Nicaragua","url":"https:\/\/trulynolen.com.ni\/","logo":{"@type":"ImageObject","inLanguage":"es","@id":"https:\/\/trulynolen.com.ni\/#\/schema\/logo\/image\/","url":"https:\/\/trulynolen.com.ni\/wp-content\/uploads\/2024\/12\/Untitled-design.jpg","contentUrl":"https:\/\/trulynolen.com.ni\/wp-content\/uploads\/2024\/12\/Untitled-design.jpg","width":696,"height":696,"caption":"Truly Nolen Nicaragua"},"image":{"@id":"https:\/\/trulynolen.com.ni\/#\/schema\/logo\/image\/"},"sameAs":["https:\/\/www.facebook.com\/TrulyNolenNIC"]}]}},"_links":{"self":[{"href":"https:\/\/trulynolen.com.ni\/index.php\/wp-json\/wp\/v2\/pages\/505","targetHints":{"allow":["GET"]}}],"collection":[{"href":"https:\/\/trulynolen.com.ni\/index.php\/wp-json\/wp\/v2\/pages"}],"about":[{"href":"https:\/\/trulynolen.com.ni\/index.php\/wp-json\/wp\/v2\/types\/page"}],"author":[{"embeddable":true,"href":"https:\/\/trulynolen.com.ni\/index.php\/wp-json\/wp\/v2\/users\/1"}],"replies":[{"embeddable":true,"href":"https:\/\/trulynolen.com.ni\/index.php\/wp-json\/wp\/v2\/comments?post=505"}],"version-history":[{"count":4,"href":"https:\/\/trulynolen.com.ni\/index.php\/wp-json\/wp\/v2\/pages\/505\/revisions"}],"predecessor-version":[{"id":511,"href":"https:\/\/trulynolen.com.ni\/index.php\/wp-json\/wp\/v2\/pages\/505\/revisions\/511"}],"wp:attachment":[{"href":"https:\/\/trulynolen.com.ni\/index.php\/wp-json\/wp\/v2\/media?parent=505"}],"curies":[{"name":"wp","href":"https:\/\/api.w.org\/{rel}","templated":true}]}}