{"id":474,"date":"2025-02-19T19:37:49","date_gmt":"2025-02-19T19:37:49","guid":{"rendered":"https:\/\/trulynolen.com.ni\/?page_id=474"},"modified":"2025-05-29T23:06:25","modified_gmt":"2025-05-29T23:06:25","slug":"quienes-somos-2","status":"publish","type":"page","link":"https:\/\/trulynolen.com.ni\/index.php\/quienes-somos-2\/","title":{"rendered":"Quienes Somos?"},"content":{"rendered":"\t\t<div data-elementor-type=\"wp-page\" data-elementor-id=\"474\" class=\"elementor elementor-474\" data-elementor-post-type=\"page\">\n\t\t\t\t<div class=\"elementor-element elementor-element-8eaf9f4 e-flex e-con-boxed e-con e-parent\" data-id=\"8eaf9f4\" data-element_type=\"container\">\n\t\t\t\t\t<div class=\"e-con-inner\">\n\t\t\t\t<div class=\"elementor-element elementor-element-b91cf38 elementor-widget elementor-widget-heading\" data-id=\"b91cf38\" data-element_type=\"widget\" data-widget_type=\"heading.default\">\n\t\t\t\t<div class=\"elementor-widget-container\">\n\t\t\t\t\t<h2 class=\"elementor-heading-title elementor-size-default\"><span style=\"color: inherit;font-family: inherit;font-size: 2rem;font-weight: 500;text-align: var(--text-align)\">Nuestra Historia<\/span><\/h2>\t\t\t\t<\/div>\n\t\t\t\t<\/div>\n\t\t\t\t\t<\/div>\n\t\t\t\t<\/div>\n\t\t<div class=\"elementor-element elementor-element-23d8f81 e-flex e-con-boxed e-con e-parent\" data-id=\"23d8f81\" data-element_type=\"container\">\n\t\t\t\t\t<div class=\"e-con-inner\">\n\t\t\t\t<div class=\"elementor-element elementor-element-2063112 elementor-widget elementor-widget-text-editor\" data-id=\"2063112\" data-element_type=\"widget\" data-widget_type=\"text-editor.default\">\n\t\t\t\t<div class=\"elementor-widget-container\">\n\t\t\t\t\t\t\t\t\t<p data-pm-slice=\"1 1 []\">Con m\u00e1s de 80 a\u00f1os de experiencia global, Truly Nolen se ha consolidado como l\u00edder en control y prevenci\u00f3n de plagas. Fundada en 1938 en Orlando, Florida, nuestra empresa ha expandido su presencia a m\u00e1s de 65 pa\u00edses, incluyendo Nicaragua, donde operamos desde hace m\u00e1s de dos d\u00e9cadas. Nuestro enfoque se basa en la innovaci\u00f3n, la seguridad y la satisfacci\u00f3n del cliente, garantizando soluciones efectivas y personalizadas.<\/p><p>Desde nuestros inicios en Nicaragua, nos hemos convertido en un aliado estrat\u00e9gico para hogares y empresas, ofreciendo un servicio confiable y respaldado por certificaciones internacionales. Nuestro compromiso con la calidad nos distingue, asegurando la protecci\u00f3n de la salud y el bienestar de nuestros clientes.<\/p>\t\t\t\t\t\t\t\t<\/div>\n\t\t\t\t<\/div>\n\t\t\t\t\t<\/div>\n\t\t\t\t<\/div>\n\t\t<div class=\"elementor-element elementor-element-0606baa e-flex e-con-boxed e-con e-parent\" data-id=\"0606baa\" data-element_type=\"container\">\n\t\t\t\t\t<div class=\"e-con-inner\">\n\t\t\t\t<div class=\"elementor-element elementor-element-c3ae736 elementor-widget elementor-widget-image\" data-id=\"c3ae736\" data-element_type=\"widget\" data-widget_type=\"image.default\">\n\t\t\t\t<div class=\"elementor-widget-container\">\n\t\t\t\t\t\t\t\t\t\t\t\t\t\t\t<img fetchpriority=\"high\" decoding=\"async\" width=\"800\" height=\"450\" src=\"https:\/\/trulynolen.com.ni\/wp-content\/uploads\/2025\/02\/1-1-1024x576.png\" class=\"attachment-large size-large wp-image-331\" alt=\"\" srcset=\"https:\/\/trulynolen.com.ni\/wp-content\/uploads\/2025\/02\/1-1-1024x576.png 1024w, https:\/\/trulynolen.com.ni\/wp-content\/uploads\/2025\/02\/1-1-300x169.webp 300w, https:\/\/trulynolen.com.ni\/wp-content\/uploads\/2025\/02\/1-1-768x432.png 768w, https:\/\/trulynolen.com.ni\/wp-content\/uploads\/2025\/02\/1-1.webp 1200w\" sizes=\"(max-width: 800px) 100vw, 800px\" \/>\t\t\t\t\t\t\t\t\t\t\t\t\t\t\t<\/div>\n\t\t\t\t<\/div>\n\t\t\t\t\t<\/div>\n\t\t\t\t<\/div>\n\t\t<div class=\"elementor-element elementor-element-b20407b e-flex e-con-boxed e-con e-parent\" data-id=\"b20407b\" data-element_type=\"container\">\n\t\t\t\t\t<div class=\"e-con-inner\">\n\t\t\t\t<div class=\"elementor-element elementor-element-2d454d8 elementor-widget elementor-widget-heading\" data-id=\"2d454d8\" data-element_type=\"widget\" data-widget_type=\"heading.default\">\n\t\t\t\t<div class=\"elementor-widget-container\">\n\t\t\t\t\t<h2 class=\"elementor-heading-title elementor-size-default\"><h2 data-pm-slice=\"1 1 []\">Por qu\u00e9 elegir Truly Nolen<span style=\"color: var( --e-global-color-primary );font-family: var( --e-global-typography-primary-font-family ), Sans-serif;font-size: 2rem;font-weight: var( --e-global-typography-primary-font-weight );text-align: var(--text-align)\"><\/span><\/h2><\/h2>\t\t\t\t<\/div>\n\t\t\t\t<\/div>\n\t\t\t\t\t<\/div>\n\t\t\t\t<\/div>\n\t\t<div class=\"elementor-element elementor-element-eb8f73e e-flex e-con-boxed e-con e-parent\" data-id=\"eb8f73e\" data-element_type=\"container\">\n\t\t\t\t\t<div class=\"e-con-inner\">\n\t\t\t\t<div class=\"elementor-element elementor-element-67417f7 elementor-widget elementor-widget-text-editor\" data-id=\"67417f7\" data-element_type=\"widget\" data-widget_type=\"text-editor.default\">\n\t\t\t\t<div class=\"elementor-widget-container\">\n\t\t\t\t\t\t\t\t\t<ul data-spread=\"false\" data-pm-slice=\"3 3 []\"><li><p><strong>Experiencia Global, Presencia Local:<\/strong> Nuestra trayectoria internacional nos permite ofrecer soluciones adaptadas al contexto nicarag\u00fcense.<\/p><\/li><li><p><strong>Tecnolog\u00eda de Vanguardia:<\/strong> Utilizamos m\u00e9todos y productos innovadores que garantizan eficacia y seguridad.<\/p><\/li><li><p><strong>Compromiso con el Medio Ambiente:<\/strong> Aplicamos t\u00e9cnicas que protegen la salud de las personas y preservan el entorno.<\/p><\/li><li><p><strong>Atenci\u00f3n Personalizada:<\/strong> Dise\u00f1amos estrategias de control de plagas a la medida de cada cliente.<\/p><\/li><\/ul>\t\t\t\t\t\t\t\t<\/div>\n\t\t\t\t<\/div>\n\t\t\t\t\t<\/div>\n\t\t\t\t<\/div>\n\t\t<div class=\"elementor-element elementor-element-1cfa71f e-flex e-con-boxed e-con e-parent\" data-id=\"1cfa71f\" data-element_type=\"container\">\n\t\t\t\t\t<div class=\"e-con-inner\">\n\t\t\t\t<div class=\"elementor-element elementor-element-128e1b1 elementor-widget elementor-widget-image\" data-id=\"128e1b1\" data-element_type=\"widget\" data-widget_type=\"image.default\">\n\t\t\t\t<div class=\"elementor-widget-container\">\n\t\t\t\t\t\t\t\t\t\t\t\t\t\t\t<img decoding=\"async\" width=\"800\" height=\"450\" src=\"https:\/\/trulynolen.com.ni\/wp-content\/uploads\/2025\/02\/4-1-1024x576.png\" class=\"attachment-large size-large wp-image-334\" alt=\"\" srcset=\"https:\/\/trulynolen.com.ni\/wp-content\/uploads\/2025\/02\/4-1-1024x576.png 1024w, https:\/\/trulynolen.com.ni\/wp-content\/uploads\/2025\/02\/4-1-300x169.png 300w, https:\/\/trulynolen.com.ni\/wp-content\/uploads\/2025\/02\/4-1-768x432.png 768w, https:\/\/trulynolen.com.ni\/wp-content\/uploads\/2025\/02\/4-1.png 1200w\" sizes=\"(max-width: 800px) 100vw, 800px\" \/>\t\t\t\t\t\t\t\t\t\t\t\t\t\t\t<\/div>\n\t\t\t\t<\/div>\n\t\t\t\t\t<\/div>\n\t\t\t\t<\/div>\n\t\t<div class=\"elementor-element elementor-element-3a8cd42 e-flex e-con-boxed e-con e-parent\" data-id=\"3a8cd42\" data-element_type=\"container\">\n\t\t\t\t\t<div class=\"e-con-inner\">\n\t\t\t\t<div class=\"elementor-element elementor-element-33d2686 elementor-widget elementor-widget-heading\" data-id=\"33d2686\" data-element_type=\"widget\" data-widget_type=\"heading.default\">\n\t\t\t\t<div class=\"elementor-widget-container\">\n\t\t\t\t\t<h2 class=\"elementor-heading-title elementor-size-default\"><h2 data-pm-slice=\"1 1 []\">Qu\u00e9 nos distingue<span style=\"color: var( --e-global-color-primary );font-family: var( --e-global-typography-primary-font-family ), Sans-serif;font-size: 2rem;font-weight: var( --e-global-typography-primary-font-weight );text-align: var(--text-align)\"><\/span><\/h2><\/h2>\t\t\t\t<\/div>\n\t\t\t\t<\/div>\n\t\t\t\t\t<\/div>\n\t\t\t\t<\/div>\n\t\t<div class=\"elementor-element elementor-element-0bba90b e-flex e-con-boxed e-con e-parent\" data-id=\"0bba90b\" data-element_type=\"container\">\n\t\t\t\t\t<div class=\"e-con-inner\">\n\t\t\t\t<div class=\"elementor-element elementor-element-315638b elementor-widget elementor-widget-text-editor\" data-id=\"315638b\" data-element_type=\"widget\" data-widget_type=\"text-editor.default\">\n\t\t\t\t<div class=\"elementor-widget-container\">\n\t\t\t\t\t\t\t\t\t<ul data-spread=\"false\" data-pm-slice=\"3 3 []\"><li><p><strong>Certificaci\u00f3n ISO 9001:2015:<\/strong> Nuestros procesos cumplen con los m\u00e1s altos est\u00e1ndares internacionales de calidad.<\/p><\/li><li><p><strong>Equipo Altamente Capacitado:<\/strong> Invertimos en la formaci\u00f3n continua de nuestro personal para asegurar un servicio de excelencia.<\/p><\/li><li><p><strong>Innovaci\u00f3n Constante:<\/strong> Implementamos soluciones personalizadas y tecnol\u00f3gicas para cada cliente.<\/p><\/li><li><p><strong>Servicio Eficaz y Seguro:<\/strong> M\u00e9todos sin olor, efectivos y respetuosos con el entorno.<\/p><\/li><\/ul>\t\t\t\t\t\t\t\t<\/div>\n\t\t\t\t<\/div>\n\t\t\t\t\t<\/div>\n\t\t\t\t<\/div>\n\t\t<div class=\"elementor-element elementor-element-9612d26 e-flex e-con-boxed e-con e-parent\" data-id=\"9612d26\" data-element_type=\"container\">\n\t\t\t\t\t<div class=\"e-con-inner\">\n\t\t\t\t<div class=\"elementor-element elementor-element-8231d70 elementor-widget elementor-widget-image\" data-id=\"8231d70\" data-element_type=\"widget\" data-widget_type=\"image.default\">\n\t\t\t\t<div class=\"elementor-widget-container\">\n\t\t\t\t\t\t\t\t\t\t\t\t\t\t\t<img decoding=\"async\" width=\"800\" height=\"450\" src=\"https:\/\/trulynolen.com.ni\/wp-content\/uploads\/2025\/02\/2-1-1024x576.png\" class=\"attachment-large size-large wp-image-332\" alt=\"\" srcset=\"https:\/\/trulynolen.com.ni\/wp-content\/uploads\/2025\/02\/2-1-1024x576.png 1024w, https:\/\/trulynolen.com.ni\/wp-content\/uploads\/2025\/02\/2-1-300x169.png 300w, https:\/\/trulynolen.com.ni\/wp-content\/uploads\/2025\/02\/2-1-768x432.png 768w, https:\/\/trulynolen.com.ni\/wp-content\/uploads\/2025\/02\/2-1.png 1200w\" sizes=\"(max-width: 800px) 100vw, 800px\" \/>\t\t\t\t\t\t\t\t\t\t\t\t\t\t\t<\/div>\n\t\t\t\t<\/div>\n\t\t\t\t\t<\/div>\n\t\t\t\t<\/div>\n\t\t<div class=\"elementor-element elementor-element-9762025 e-flex e-con-boxed e-con e-parent\" data-id=\"9762025\" data-element_type=\"container\">\n\t\t\t\t\t<div class=\"e-con-inner\">\n\t\t\t\t<div class=\"elementor-element elementor-element-3207e13 elementor-widget elementor-widget-heading\" data-id=\"3207e13\" data-element_type=\"widget\" data-widget_type=\"heading.default\">\n\t\t\t\t<div class=\"elementor-widget-container\">\n\t\t\t\t\t<h2 class=\"elementor-heading-title elementor-size-default\"><h2 data-pm-slice=\"1 1 []\">Misi\u00f3n y Visi\u00f3n<span style=\"color: var( --e-global-color-primary );font-family: var( --e-global-typography-primary-font-family ), Sans-serif;font-size: 2rem;font-weight: var( --e-global-typography-primary-font-weight );text-align: var(--text-align)\"><\/span><\/h2><\/h2>\t\t\t\t<\/div>\n\t\t\t\t<\/div>\n\t\t\t\t\t<\/div>\n\t\t\t\t<\/div>\n\t\t<div class=\"elementor-element elementor-element-aa29a8b e-flex e-con-boxed e-con e-parent\" data-id=\"aa29a8b\" data-element_type=\"container\">\n\t\t\t\t\t<div class=\"e-con-inner\">\n\t\t\t\t<div class=\"elementor-element elementor-element-ae8ea78 elementor-widget elementor-widget-text-editor\" data-id=\"ae8ea78\" data-element_type=\"widget\" data-widget_type=\"text-editor.default\">\n\t\t\t\t<div class=\"elementor-widget-container\">\n\t\t\t\t\t\t\t\t\t<h3 data-pm-slice=\"1 1 []\">Misi\u00f3n<\/h3><p>Controlar y prevenir la incidencia de plagas urbanas en diferentes ambientes de la industria, del comercio y casas de habitaci\u00f3n, a trav\u00e9s de m\u00e9todos profesionales de trabajo, productos de alta eficacia, contribuyendo a mejorar condiciones de salud de nuestros clientes, a la conservaci\u00f3n de sus bienes y patrimonio, en armon\u00eda con el medio ambiente.<\/p><h3>Visi\u00f3n<\/h3><p><h2><\/h2><\/p><p><span>Posicionarnos como empresa l\u00edder en el manejo integrado de control de plagas en el mercado nicarag\u00fcense brindando servicios profesionales de calidad, con enfoque en la atenci\u00f3n al cliente, logrando la expansi\u00f3n y cobertura de la compa\u00f1\u00eda a todo el territorio nacional.<\/span><\/p>\t\t\t\t\t\t\t\t<\/div>\n\t\t\t\t<\/div>\n\t\t\t\t\t<\/div>\n\t\t\t\t<\/div>\n\t\t<div class=\"elementor-element elementor-element-700d98f e-flex e-con-boxed e-con e-parent\" data-id=\"700d98f\" data-element_type=\"container\">\n\t\t\t\t\t<div class=\"e-con-inner\">\n\t\t\t\t<div class=\"elementor-element elementor-element-d93aa41 elementor-widget elementor-widget-image\" data-id=\"d93aa41\" data-element_type=\"widget\" data-widget_type=\"image.default\">\n\t\t\t\t<div class=\"elementor-widget-container\">\n\t\t\t\t\t\t\t\t\t\t\t\t\t\t\t<img loading=\"lazy\" decoding=\"async\" width=\"800\" height=\"427\" src=\"https:\/\/trulynolen.com.ni\/wp-content\/uploads\/2025\/05\/Mision-y-Vision-1024x546.png\" class=\"attachment-large size-large wp-image-624\" alt=\"\" srcset=\"https:\/\/trulynolen.com.ni\/wp-content\/uploads\/2025\/05\/Mision-y-Vision-1024x546.png 1024w, https:\/\/trulynolen.com.ni\/wp-content\/uploads\/2025\/05\/Mision-y-Vision-300x160.png 300w, https:\/\/trulynolen.com.ni\/wp-content\/uploads\/2025\/05\/Mision-y-Vision-768x410.png 768w, https:\/\/trulynolen.com.ni\/wp-content\/uploads\/2025\/05\/Mision-y-Vision-1536x819.png 1536w, https:\/\/trulynolen.com.ni\/wp-content\/uploads\/2025\/05\/Mision-y-Vision.png 1920w\" sizes=\"(max-width: 800px) 100vw, 800px\" \/>\t\t\t\t\t\t\t\t\t\t\t\t\t\t\t<\/div>\n\t\t\t\t<\/div>\n\t\t\t\t\t<\/div>\n\t\t\t\t<\/div>\n\t\t<div class=\"elementor-element elementor-element-c04097e e-flex e-con-boxed e-con e-parent\" data-id=\"c04097e\" data-element_type=\"container\">\n\t\t\t\t\t<div class=\"e-con-inner\">\n\t\t\t\t<div class=\"elementor-element elementor-element-e23a679 elementor-widget elementor-widget-heading\" data-id=\"e23a679\" data-element_type=\"widget\" data-widget_type=\"heading.default\">\n\t\t\t\t<div class=\"elementor-widget-container\">\n\t\t\t\t\t<h2 class=\"elementor-heading-title elementor-size-default\"><h2 data-pm-slice=\"1 1 []\">Pol\u00edtica de Calidad y Valores<span style=\"color: var( --e-global-color-primary );font-family: var( --e-global-typography-primary-font-family ), Sans-serif;font-size: 2rem;font-weight: var( --e-global-typography-primary-font-weight );text-align: var(--text-align)\"><\/span><\/h2><\/h2>\t\t\t\t<\/div>\n\t\t\t\t<\/div>\n\t\t\t\t\t<\/div>\n\t\t\t\t<\/div>\n\t\t<div class=\"elementor-element elementor-element-dfd59a7 e-flex e-con-boxed e-con e-parent\" data-id=\"dfd59a7\" data-element_type=\"container\">\n\t\t\t\t\t<div class=\"e-con-inner\">\n\t\t\t\t<div class=\"elementor-element elementor-element-c3ae003 elementor-widget elementor-widget-text-editor\" data-id=\"c3ae003\" data-element_type=\"widget\" data-widget_type=\"text-editor.default\">\n\t\t\t\t<div class=\"elementor-widget-container\">\n\t\t\t\t\t\t\t\t\t<h3 data-pm-slice=\"1 3 []\">Pol\u00edtica de Calidad<\/h3><p>En EMASA (Espinosa Madriz Sociedad An\u00f3nima), nuestra pol\u00edtica de calidad es parte de nuestro compromiso con una gesti\u00f3n constante del recurso humano en b\u00fasqueda de la mejora continua. Nuestro firme compromiso en satisfacer las necesidades y expectativas de nuestros clientes, trabajadores, zona de influencia y las partes interesadas, a trav\u00e9s de la prestaci\u00f3n de servicios comprometidos con la calidad, prestaci\u00f3n de servicios competitivos y orientados con una cultura de calidad basada en los principios de honestidad, desarrollo del recurso humano, innovaci\u00f3n, tecnolog\u00eda y responsabilidad ambiental.<\/p><h3>Valores<\/h3><ul data-spread=\"false\"><li><p><strong>Honestidad<\/strong><\/p><\/li><li><p><strong>Calidad<\/strong><\/p><\/li><li><p><strong>Puntualidad<\/strong><\/p><\/li><li><p><strong>Orientaci\u00f3n al Cliente<\/strong><\/p><\/li><li><p><strong>Responsabilidad<\/strong><\/p><\/li><li><p><strong>Trabajo en Equipo<\/strong><\/p><\/li><li><p><strong>Confidencialidad<\/strong><\/p><\/li><li><p><strong>Mejoramiento Continuo<\/strong><\/p><\/li><\/ul>\t\t\t\t\t\t\t\t<\/div>\n\t\t\t\t<\/div>\n\t\t\t\t\t<\/div>\n\t\t\t\t<\/div>\n\t\t\t\t<\/div>\n\t\t","protected":false},"excerpt":{"rendered":"<p>Nuestra Historia Con m\u00e1s de 80 a\u00f1os de experiencia global, Truly Nolen se ha consolidado como l\u00edder en control y prevenci\u00f3n de plagas. Fundada en 1938 en Orlando, Florida, nuestra empresa ha expandido su presencia a m\u00e1s de 65 pa\u00edses, incluyendo Nicaragua, donde operamos desde hace m\u00e1s de dos d\u00e9cadas. Nuestro enfoque se basa en [&hellip;]<\/p>\n","protected":false},"author":1,"featured_media":0,"parent":0,"menu_order":0,"comment_status":"closed","ping_status":"closed","template":"","meta":{"saved_in_kubio":false,"footnotes":""},"class_list":["post-474","page","type-page","status-publish","hentry"],"kubio_ai_page_context":{"short_desc":"","purpose":"general"},"yoast_head":"<!-- This site is optimized with the Yoast SEO plugin v27.5 - https:\/\/yoast.com\/product\/yoast-seo-wordpress\/ -->\n<title>Quienes Somos? -<\/title>\n<meta name=\"robots\" content=\"index, follow, max-snippet:-1, max-image-preview:large, max-video-preview:-1\" \/>\n<link rel=\"canonical\" href=\"https:\/\/trulynolen.com.ni\/index.php\/quienes-somos-2\/\" \/>\n<meta property=\"og:locale\" content=\"es_ES\" \/>\n<meta property=\"og:type\" content=\"article\" \/>\n<meta property=\"og:title\" content=\"Quienes Somos? -\" \/>\n<meta property=\"og:description\" content=\"Nuestra Historia Con m\u00e1s de 80 a\u00f1os de experiencia global, Truly Nolen se ha consolidado como l\u00edder en control y prevenci\u00f3n de plagas. Fundada en 1938 en Orlando, Florida, nuestra empresa ha expandido su presencia a m\u00e1s de 65 pa\u00edses, incluyendo Nicaragua, donde operamos desde hace m\u00e1s de dos d\u00e9cadas. Nuestro enfoque se basa en [&hellip;]\" \/>\n<meta property=\"og:url\" content=\"https:\/\/trulynolen.com.ni\/index.php\/quienes-somos-2\/\" \/>\n<meta property=\"article:publisher\" content=\"https:\/\/www.facebook.com\/TrulyNolenNIC\" \/>\n<meta property=\"article:modified_time\" content=\"2025-05-29T23:06:25+00:00\" \/>\n<meta property=\"og:image\" content=\"https:\/\/trulynolen.com.ni\/wp-content\/uploads\/2025\/02\/1-1.webp\" \/>\n\t<meta property=\"og:image:width\" content=\"1200\" \/>\n\t<meta property=\"og:image:height\" content=\"675\" \/>\n\t<meta property=\"og:image:type\" content=\"image\/webp\" \/>\n<meta name=\"twitter:card\" content=\"summary_large_image\" \/>\n<meta name=\"twitter:label1\" content=\"Tiempo de lectura\" \/>\n\t<meta name=\"twitter:data1\" content=\"3 minutos\" \/>\n<script type=\"application\/ld+json\" class=\"yoast-schema-graph\">{\"@context\":\"https:\\\/\\\/schema.org\",\"@graph\":[{\"@type\":\"WebPage\",\"@id\":\"https:\\\/\\\/trulynolen.com.ni\\\/index.php\\\/quienes-somos-2\\\/\",\"url\":\"https:\\\/\\\/trulynolen.com.ni\\\/index.php\\\/quienes-somos-2\\\/\",\"name\":\"Quienes Somos? -\",\"isPartOf\":{\"@id\":\"https:\\\/\\\/trulynolen.com.ni\\\/#website\"},\"primaryImageOfPage\":{\"@id\":\"https:\\\/\\\/trulynolen.com.ni\\\/index.php\\\/quienes-somos-2\\\/#primaryimage\"},\"image\":{\"@id\":\"https:\\\/\\\/trulynolen.com.ni\\\/index.php\\\/quienes-somos-2\\\/#primaryimage\"},\"thumbnailUrl\":\"https:\\\/\\\/trulynolen.com.ni\\\/wp-content\\\/uploads\\\/2025\\\/02\\\/1-1-1024x576.png\",\"datePublished\":\"2025-02-19T19:37:49+00:00\",\"dateModified\":\"2025-05-29T23:06:25+00:00\",\"breadcrumb\":{\"@id\":\"https:\\\/\\\/trulynolen.com.ni\\\/index.php\\\/quienes-somos-2\\\/#breadcrumb\"},\"inLanguage\":\"es\",\"potentialAction\":[{\"@type\":\"ReadAction\",\"target\":[\"https:\\\/\\\/trulynolen.com.ni\\\/index.php\\\/quienes-somos-2\\\/\"]}]},{\"@type\":\"ImageObject\",\"inLanguage\":\"es\",\"@id\":\"https:\\\/\\\/trulynolen.com.ni\\\/index.php\\\/quienes-somos-2\\\/#primaryimage\",\"url\":\"https:\\\/\\\/trulynolen.com.ni\\\/wp-content\\\/uploads\\\/2025\\\/02\\\/1-1.webp\",\"contentUrl\":\"https:\\\/\\\/trulynolen.com.ni\\\/wp-content\\\/uploads\\\/2025\\\/02\\\/1-1.webp\",\"width\":1200,\"height\":675},{\"@type\":\"BreadcrumbList\",\"@id\":\"https:\\\/\\\/trulynolen.com.ni\\\/index.php\\\/quienes-somos-2\\\/#breadcrumb\",\"itemListElement\":[{\"@type\":\"ListItem\",\"position\":1,\"name\":\"Portada\",\"item\":\"https:\\\/\\\/trulynolen.com.ni\\\/\"},{\"@type\":\"ListItem\",\"position\":2,\"name\":\"Quienes Somos?\"}]},{\"@type\":\"WebSite\",\"@id\":\"https:\\\/\\\/trulynolen.com.ni\\\/#website\",\"url\":\"https:\\\/\\\/trulynolen.com.ni\\\/\",\"name\":\"Truly Nolen Nicaragua\",\"description\":\"\",\"publisher\":{\"@id\":\"https:\\\/\\\/trulynolen.com.ni\\\/#organization\"},\"potentialAction\":[{\"@type\":\"SearchAction\",\"target\":{\"@type\":\"EntryPoint\",\"urlTemplate\":\"https:\\\/\\\/trulynolen.com.ni\\\/?s={search_term_string}\"},\"query-input\":{\"@type\":\"PropertyValueSpecification\",\"valueRequired\":true,\"valueName\":\"search_term_string\"}}],\"inLanguage\":\"es\"},{\"@type\":\"Organization\",\"@id\":\"https:\\\/\\\/trulynolen.com.ni\\\/#organization\",\"name\":\"Truly Nolen Nicaragua\",\"url\":\"https:\\\/\\\/trulynolen.com.ni\\\/\",\"logo\":{\"@type\":\"ImageObject\",\"inLanguage\":\"es\",\"@id\":\"https:\\\/\\\/trulynolen.com.ni\\\/#\\\/schema\\\/logo\\\/image\\\/\",\"url\":\"https:\\\/\\\/trulynolen.com.ni\\\/wp-content\\\/uploads\\\/2024\\\/12\\\/Untitled-design.jpg\",\"contentUrl\":\"https:\\\/\\\/trulynolen.com.ni\\\/wp-content\\\/uploads\\\/2024\\\/12\\\/Untitled-design.jpg\",\"width\":696,\"height\":696,\"caption\":\"Truly Nolen Nicaragua\"},\"image\":{\"@id\":\"https:\\\/\\\/trulynolen.com.ni\\\/#\\\/schema\\\/logo\\\/image\\\/\"},\"sameAs\":[\"https:\\\/\\\/www.facebook.com\\\/TrulyNolenNIC\"]}]}<\/script>\n<!-- \/ Yoast SEO plugin. -->","yoast_head_json":{"title":"Quienes Somos? -","robots":{"index":"index","follow":"follow","max-snippet":"max-snippet:-1","max-image-preview":"max-image-preview:large","max-video-preview":"max-video-preview:-1"},"canonical":"https:\/\/trulynolen.com.ni\/index.php\/quienes-somos-2\/","og_locale":"es_ES","og_type":"article","og_title":"Quienes Somos? -","og_description":"Nuestra Historia Con m\u00e1s de 80 a\u00f1os de experiencia global, Truly Nolen se ha consolidado como l\u00edder en control y prevenci\u00f3n de plagas. Fundada en 1938 en Orlando, Florida, nuestra empresa ha expandido su presencia a m\u00e1s de 65 pa\u00edses, incluyendo Nicaragua, donde operamos desde hace m\u00e1s de dos d\u00e9cadas. Nuestro enfoque se basa en [&hellip;]","og_url":"https:\/\/trulynolen.com.ni\/index.php\/quienes-somos-2\/","article_publisher":"https:\/\/www.facebook.com\/TrulyNolenNIC","article_modified_time":"2025-05-29T23:06:25+00:00","og_image":[{"width":1200,"height":675,"url":"https:\/\/trulynolen.com.ni\/wp-content\/uploads\/2025\/02\/1-1.webp","type":"image\/webp"}],"twitter_card":"summary_large_image","twitter_misc":{"Tiempo de lectura":"3 minutos"},"schema":{"@context":"https:\/\/schema.org","@graph":[{"@type":"WebPage","@id":"https:\/\/trulynolen.com.ni\/index.php\/quienes-somos-2\/","url":"https:\/\/trulynolen.com.ni\/index.php\/quienes-somos-2\/","name":"Quienes Somos? -","isPartOf":{"@id":"https:\/\/trulynolen.com.ni\/#website"},"primaryImageOfPage":{"@id":"https:\/\/trulynolen.com.ni\/index.php\/quienes-somos-2\/#primaryimage"},"image":{"@id":"https:\/\/trulynolen.com.ni\/index.php\/quienes-somos-2\/#primaryimage"},"thumbnailUrl":"https:\/\/trulynolen.com.ni\/wp-content\/uploads\/2025\/02\/1-1-1024x576.png","datePublished":"2025-02-19T19:37:49+00:00","dateModified":"2025-05-29T23:06:25+00:00","breadcrumb":{"@id":"https:\/\/trulynolen.com.ni\/index.php\/quienes-somos-2\/#breadcrumb"},"inLanguage":"es","potentialAction":[{"@type":"ReadAction","target":["https:\/\/trulynolen.com.ni\/index.php\/quienes-somos-2\/"]}]},{"@type":"ImageObject","inLanguage":"es","@id":"https:\/\/trulynolen.com.ni\/index.php\/quienes-somos-2\/#primaryimage","url":"https:\/\/trulynolen.com.ni\/wp-content\/uploads\/2025\/02\/1-1.webp","contentUrl":"https:\/\/trulynolen.com.ni\/wp-content\/uploads\/2025\/02\/1-1.webp","width":1200,"height":675},{"@type":"BreadcrumbList","@id":"https:\/\/trulynolen.com.ni\/index.php\/quienes-somos-2\/#breadcrumb","itemListElement":[{"@type":"ListItem","position":1,"name":"Portada","item":"https:\/\/trulynolen.com.ni\/"},{"@type":"ListItem","position":2,"name":"Quienes Somos?"}]},{"@type":"WebSite","@id":"https:\/\/trulynolen.com.ni\/#website","url":"https:\/\/trulynolen.com.ni\/","name":"Truly Nolen Nicaragua","description":"","publisher":{"@id":"https:\/\/trulynolen.com.ni\/#organization"},"potentialAction":[{"@type":"SearchAction","target":{"@type":"EntryPoint","urlTemplate":"https:\/\/trulynolen.com.ni\/?s={search_term_string}"},"query-input":{"@type":"PropertyValueSpecification","valueRequired":true,"valueName":"search_term_string"}}],"inLanguage":"es"},{"@type":"Organization","@id":"https:\/\/trulynolen.com.ni\/#organization","name":"Truly Nolen Nicaragua","url":"https:\/\/trulynolen.com.ni\/","logo":{"@type":"ImageObject","inLanguage":"es","@id":"https:\/\/trulynolen.com.ni\/#\/schema\/logo\/image\/","url":"https:\/\/trulynolen.com.ni\/wp-content\/uploads\/2024\/12\/Untitled-design.jpg","contentUrl":"https:\/\/trulynolen.com.ni\/wp-content\/uploads\/2024\/12\/Untitled-design.jpg","width":696,"height":696,"caption":"Truly Nolen Nicaragua"},"image":{"@id":"https:\/\/trulynolen.com.ni\/#\/schema\/logo\/image\/"},"sameAs":["https:\/\/www.facebook.com\/TrulyNolenNIC"]}]}},"_links":{"self":[{"href":"https:\/\/trulynolen.com.ni\/index.php\/wp-json\/wp\/v2\/pages\/474","targetHints":{"allow":["GET"]}}],"collection":[{"href":"https:\/\/trulynolen.com.ni\/index.php\/wp-json\/wp\/v2\/pages"}],"about":[{"href":"https:\/\/trulynolen.com.ni\/index.php\/wp-json\/wp\/v2\/types\/page"}],"author":[{"embeddable":true,"href":"https:\/\/trulynolen.com.ni\/index.php\/wp-json\/wp\/v2\/users\/1"}],"replies":[{"embeddable":true,"href":"https:\/\/trulynolen.com.ni\/index.php\/wp-json\/wp\/v2\/comments?post=474"}],"version-history":[{"count":7,"href":"https:\/\/trulynolen.com.ni\/index.php\/wp-json\/wp\/v2\/pages\/474\/revisions"}],"predecessor-version":[{"id":627,"href":"https:\/\/trulynolen.com.ni\/index.php\/wp-json\/wp\/v2\/pages\/474\/revisions\/627"}],"wp:attachment":[{"href":"https:\/\/trulynolen.com.ni\/index.php\/wp-json\/wp\/v2\/media?parent=474"}],"curies":[{"name":"wp","href":"https:\/\/api.w.org\/{rel}","templated":true}]}}