{"id":202,"date":"2025-02-04T19:58:01","date_gmt":"2025-02-04T19:58:01","guid":{"rendered":"https:\/\/trulynolen.com.ni\/?page_id=202"},"modified":"2025-02-19T22:53:21","modified_gmt":"2025-02-19T22:53:21","slug":"soporte-y-acompanamiento-en-auditorias","status":"publish","type":"page","link":"https:\/\/trulynolen.com.ni\/index.php\/soporte-y-acompanamiento-en-auditorias\/","title":{"rendered":"Soporte y Acompa\u00f1amiento en Auditor\u00edas"},"content":{"rendered":"\t\t<div data-elementor-type=\"wp-page\" data-elementor-id=\"202\" class=\"elementor elementor-202\" data-elementor-post-type=\"page\">\n\t\t\t\t<div class=\"elementor-element elementor-element-debefca e-flex e-con-boxed e-con e-parent\" data-id=\"debefca\" data-element_type=\"container\">\n\t\t\t\t\t<div class=\"e-con-inner\">\n\t\t\t\t<div class=\"elementor-element elementor-element-b01e45c elementor-widget elementor-widget-heading\" data-id=\"b01e45c\" data-element_type=\"widget\" data-widget_type=\"heading.default\">\n\t\t\t\t<div class=\"elementor-widget-container\">\n\t\t\t\t\t<h2 class=\"elementor-heading-title elementor-size-default\"><h2 data-pm-slice=\"1 1 []\">Garantiza el Cumplimiento de Normativas con el Respaldo de Truly Nolen<span style=\"font-family: var( --e-global-typography-primary-font-family ), Sans-serif;font-size: 2rem;font-weight: var( --e-global-typography-primary-font-weight );text-align: var(--text-align)\"><\/span><\/h2><\/h2>\t\t\t\t<\/div>\n\t\t\t\t<\/div>\n\t\t\t\t<div class=\"elementor-element elementor-element-70aa6e1 elementor-widget elementor-widget-text-editor\" data-id=\"70aa6e1\" data-element_type=\"widget\" data-widget_type=\"text-editor.default\">\n\t\t\t\t<div class=\"elementor-widget-container\">\n\t\t\t\t\t\t\t\t\t<p data-pm-slice=\"1 1 []\">Las auditor\u00edas en control de plagas son fundamentales para garantizar el cumplimiento de normativas sanitarias, de inocuidad y seguridad en diversas industrias. En <strong>Truly Nolen<\/strong>, ofrecemos un servicio especializado de <strong>soporte y acompa\u00f1amiento en auditor\u00edas<\/strong>, asegurando que nuestros clientes cumplan con los requisitos exigidos por organismos reguladores nacionales e internacionales.<\/p>\t\t\t\t\t\t\t\t<\/div>\n\t\t\t\t<\/div>\n\t\t\t\t<div class=\"elementor-element elementor-element-077494c elementor-widget elementor-widget-heading\" data-id=\"077494c\" data-element_type=\"widget\" data-widget_type=\"heading.default\">\n\t\t\t\t<div class=\"elementor-widget-container\">\n\t\t\t\t\t<h2 class=\"elementor-heading-title elementor-size-default\"><h2 data-pm-slice=\"1 1 []\">\u00bfEn Qu\u00e9 Consiste Nuestro Servicio?<span style=\"font-family: var( --e-global-typography-primary-font-family ), Sans-serif;font-size: 2rem;font-weight: var( --e-global-typography-primary-font-weight );text-align: var(--text-align)\"><\/span><\/h2><\/h2>\t\t\t\t<\/div>\n\t\t\t\t<\/div>\n\t\t\t\t<div class=\"elementor-element elementor-element-2480a90 elementor-widget elementor-widget-text-editor\" data-id=\"2480a90\" data-element_type=\"widget\" data-widget_type=\"text-editor.default\">\n\t\t\t\t<div class=\"elementor-widget-container\">\n\t\t\t\t\t\t\t\t\t<ul data-spread=\"false\" data-pm-slice=\"3 3 []\"><li><p><strong>Revisi\u00f3n y Diagn\u00f3stico Inicial:<\/strong> Evaluaci\u00f3n completa del sistema de control de plagas vigente.<\/p><\/li><li><p><strong>Asesor\u00eda en Normativas y Regulaciones:<\/strong> Cumplimiento de est\u00e1ndares como ISO 9001, HACCP, BPM, entre otros.<\/p><\/li><li><p><strong>Plan de Acci\u00f3n Correctiva y Preventiva:<\/strong> Implementaci\u00f3n de estrategias para optimizar la gesti\u00f3n de plagas.<\/p><\/li><li><p><strong>Capacitaci\u00f3n y Formaci\u00f3n del Personal:<\/strong> Instrucci\u00f3n en buenas pr\u00e1cticas para garantizar el cumplimiento normativo.<\/p><\/li><li><p><strong>Acompa\u00f1amiento Durante la Auditor\u00eda:<\/strong> Asistencia t\u00e9cnica y documental ante auditores externos.<\/p><\/li><li><p><strong>Generaci\u00f3n de Reportes y Evidencias:<\/strong> Documentaci\u00f3n de todos los procesos y medidas aplicadas para facilitar la validaci\u00f3n de auditor\u00edas.<\/p><\/li><\/ul>\t\t\t\t\t\t\t\t<\/div>\n\t\t\t\t<\/div>\n\t\t\t\t<div class=\"elementor-element elementor-element-1b6108b elementor-widget elementor-widget-heading\" data-id=\"1b6108b\" data-element_type=\"widget\" data-widget_type=\"heading.default\">\n\t\t\t\t<div class=\"elementor-widget-container\">\n\t\t\t\t\t<h2 class=\"elementor-heading-title elementor-size-default\"><h2 data-pm-slice=\"1 1 []\">Beneficios del Soporte en Auditor\u00edas<span style=\"font-family: var( --e-global-typography-primary-font-family ), Sans-serif;font-size: 2rem;font-weight: var( --e-global-typography-primary-font-weight );text-align: var(--text-align)\"><\/span><\/h2><\/h2>\t\t\t\t<\/div>\n\t\t\t\t<\/div>\n\t\t\t\t\t<\/div>\n\t\t\t\t<\/div>\n\t\t<div class=\"elementor-element elementor-element-f727e79 e-flex e-con-boxed e-con e-parent\" data-id=\"f727e79\" data-element_type=\"container\">\n\t\t\t\t\t<div class=\"e-con-inner\">\n\t\t\t\t<div class=\"elementor-element elementor-element-0bb3a77 elementor-widget elementor-widget-text-editor\" data-id=\"0bb3a77\" data-element_type=\"widget\" data-widget_type=\"text-editor.default\">\n\t\t\t\t<div class=\"elementor-widget-container\">\n\t\t\t\t\t\t\t\t\t<p><h2><\/h2><\/p><ul data-spread=\"false\" data-pm-slice=\"3 1 []\"><li><p><span><strong>Reducci\u00f3n de Riesgos de Sanciones:<\/strong><\/span><span> Cumplimiento con todas las regulaciones vigentes.<\/span><\/p><\/li><li><p><span><strong>Optimizaci\u00f3n de Procesos:<\/strong><\/span><span> Mejora de la gesti\u00f3n de control de plagas para evitar no conformidades.<\/span><\/p><\/li><li><p><span><strong>Aseguramiento de la Calidad:<\/strong><\/span><span> Refuerzo de la confianza en la seguridad e higiene del entorno.<\/span><\/p><\/li><li><p><span><strong>Mayor Preparaci\u00f3n del Personal:<\/strong><\/span><span> Equipos capacitados para responder eficazmente durante auditor\u00edas.<\/span><\/p><\/li><\/ul>\t\t\t\t\t\t\t\t<\/div>\n\t\t\t\t<\/div>\n\t\t\t\t<div class=\"elementor-element elementor-element-b0700ad elementor-widget elementor-widget-heading\" data-id=\"b0700ad\" data-element_type=\"widget\" data-widget_type=\"heading.default\">\n\t\t\t\t<div class=\"elementor-widget-container\">\n\t\t\t\t\t<h2 class=\"elementor-heading-title elementor-size-default\">Sectores que Requieren Auditor\u00edas<\/h2>\t\t\t\t<\/div>\n\t\t\t\t<\/div>\n\t\t\t\t<div class=\"elementor-element elementor-element-9ad0e12 elementor-widget elementor-widget-text-editor\" data-id=\"9ad0e12\" data-element_type=\"widget\" data-widget_type=\"text-editor.default\">\n\t\t\t\t<div class=\"elementor-widget-container\">\n\t\t\t\t\t\t\t\t\t<p data-pm-slice=\"1 3 []\">Nuestros servicios est\u00e1n dise\u00f1ados para empresas de distintos sectores, incluyendo:<\/p><ul data-spread=\"false\"><li><p><strong>Industria Alimenticia y Bebidas<\/strong><\/p><\/li><li><p><strong>Hospitales y Cl\u00ednicas<\/strong><\/p><\/li><li><p><strong>Hoteles y Restaurantes<\/strong><\/p><\/li><li><p><strong>Retail y Supermercados<\/strong><\/p><\/li><li><p><strong>Manufactura y Log\u00edstica<\/strong><\/p><\/li><\/ul>\t\t\t\t\t\t\t\t<\/div>\n\t\t\t\t<\/div>\n\t\t\t\t<div class=\"elementor-element elementor-element-51f7808 elementor-widget elementor-widget-heading\" data-id=\"51f7808\" data-element_type=\"widget\" data-widget_type=\"heading.default\">\n\t\t\t\t<div class=\"elementor-widget-container\">\n\t\t\t\t\t<h2 class=\"elementor-heading-title elementor-size-default\"><span style=\"color: inherit;font-family: inherit;font-size: 2rem;font-weight: 500;text-align: var(--text-align)\">Cont\u00e1ctanos<\/span><\/h2>\t\t\t\t<\/div>\n\t\t\t\t<\/div>\n\t\t\t\t<div class=\"elementor-element elementor-element-1c2cf4a elementor-widget elementor-widget-text-editor\" data-id=\"1c2cf4a\" data-element_type=\"widget\" data-widget_type=\"text-editor.default\">\n\t\t\t\t<div class=\"elementor-widget-container\">\n\t\t\t\t\t\t\t\t\t<p data-pm-slice=\"1 1 []\">Si tu empresa requiere preparaci\u00f3n para una auditor\u00eda en control de plagas, <strong>Truly Nolen<\/strong> te brinda el respaldo necesario para garantizar el cumplimiento normativo y la excelencia en tus procesos.<\/p>\t\t\t\t\t\t\t\t<\/div>\n\t\t\t\t<\/div>\n\t\t\t\t\t<\/div>\n\t\t\t\t<\/div>\n\t\t\t\t<\/div>\n\t\t","protected":false},"excerpt":{"rendered":"<p>Garantiza el Cumplimiento de Normativas con el Respaldo de Truly Nolen Las auditor\u00edas en control de plagas son fundamentales para garantizar el cumplimiento de normativas sanitarias, de inocuidad y seguridad en diversas industrias. En Truly Nolen, ofrecemos un servicio especializado de soporte y acompa\u00f1amiento en auditor\u00edas, asegurando que nuestros clientes cumplan con los requisitos exigidos [&hellip;]<\/p>\n","protected":false},"author":1,"featured_media":0,"parent":0,"menu_order":0,"comment_status":"closed","ping_status":"closed","template":"","meta":{"saved_in_kubio":false,"footnotes":""},"class_list":["post-202","page","type-page","status-publish","hentry"],"kubio_ai_page_context":{"short_desc":"","purpose":"general"},"yoast_head":"<!-- This site is optimized with the Yoast SEO plugin v27.5 - https:\/\/yoast.com\/product\/yoast-seo-wordpress\/ -->\n<title>Soporte y Acompa\u00f1amiento en Auditor\u00edas -<\/title>\n<meta name=\"robots\" content=\"index, follow, max-snippet:-1, max-image-preview:large, max-video-preview:-1\" \/>\n<link rel=\"canonical\" href=\"https:\/\/trulynolen.com.ni\/index.php\/soporte-y-acompanamiento-en-auditorias\/\" \/>\n<meta property=\"og:locale\" content=\"es_ES\" \/>\n<meta property=\"og:type\" content=\"article\" \/>\n<meta property=\"og:title\" content=\"Soporte y Acompa\u00f1amiento en Auditor\u00edas -\" \/>\n<meta property=\"og:description\" content=\"Garantiza el Cumplimiento de Normativas con el Respaldo de Truly Nolen Las auditor\u00edas en control de plagas son fundamentales para garantizar el cumplimiento de normativas sanitarias, de inocuidad y seguridad en diversas industrias. En Truly Nolen, ofrecemos un servicio especializado de soporte y acompa\u00f1amiento en auditor\u00edas, asegurando que nuestros clientes cumplan con los requisitos exigidos [&hellip;]\" \/>\n<meta property=\"og:url\" content=\"https:\/\/trulynolen.com.ni\/index.php\/soporte-y-acompanamiento-en-auditorias\/\" \/>\n<meta property=\"article:publisher\" content=\"https:\/\/www.facebook.com\/TrulyNolenNIC\" \/>\n<meta property=\"article:modified_time\" content=\"2025-02-19T22:53:21+00:00\" \/>\n<meta property=\"og:image\" content=\"https:\/\/trulynolen.com.ni\/wp-content\/uploads\/2024\/12\/Fondo-de-pantalla-coming-soon.jpg\" \/>\n\t<meta property=\"og:image:width\" content=\"1920\" \/>\n\t<meta property=\"og:image:height\" content=\"1080\" \/>\n\t<meta property=\"og:image:type\" content=\"image\/jpeg\" \/>\n<meta name=\"twitter:card\" content=\"summary_large_image\" \/>\n<meta name=\"twitter:label1\" content=\"Tiempo de lectura\" \/>\n\t<meta name=\"twitter:data1\" content=\"2 minutos\" \/>\n<script type=\"application\/ld+json\" class=\"yoast-schema-graph\">{\"@context\":\"https:\\\/\\\/schema.org\",\"@graph\":[{\"@type\":\"WebPage\",\"@id\":\"https:\\\/\\\/trulynolen.com.ni\\\/index.php\\\/soporte-y-acompanamiento-en-auditorias\\\/\",\"url\":\"https:\\\/\\\/trulynolen.com.ni\\\/index.php\\\/soporte-y-acompanamiento-en-auditorias\\\/\",\"name\":\"Soporte y Acompa\u00f1amiento en Auditor\u00edas -\",\"isPartOf\":{\"@id\":\"https:\\\/\\\/trulynolen.com.ni\\\/#website\"},\"datePublished\":\"2025-02-04T19:58:01+00:00\",\"dateModified\":\"2025-02-19T22:53:21+00:00\",\"breadcrumb\":{\"@id\":\"https:\\\/\\\/trulynolen.com.ni\\\/index.php\\\/soporte-y-acompanamiento-en-auditorias\\\/#breadcrumb\"},\"inLanguage\":\"es\",\"potentialAction\":[{\"@type\":\"ReadAction\",\"target\":[\"https:\\\/\\\/trulynolen.com.ni\\\/index.php\\\/soporte-y-acompanamiento-en-auditorias\\\/\"]}]},{\"@type\":\"BreadcrumbList\",\"@id\":\"https:\\\/\\\/trulynolen.com.ni\\\/index.php\\\/soporte-y-acompanamiento-en-auditorias\\\/#breadcrumb\",\"itemListElement\":[{\"@type\":\"ListItem\",\"position\":1,\"name\":\"Portada\",\"item\":\"https:\\\/\\\/trulynolen.com.ni\\\/\"},{\"@type\":\"ListItem\",\"position\":2,\"name\":\"Soporte y Acompa\u00f1amiento en Auditor\u00edas\"}]},{\"@type\":\"WebSite\",\"@id\":\"https:\\\/\\\/trulynolen.com.ni\\\/#website\",\"url\":\"https:\\\/\\\/trulynolen.com.ni\\\/\",\"name\":\"Truly Nolen Nicaragua\",\"description\":\"\",\"publisher\":{\"@id\":\"https:\\\/\\\/trulynolen.com.ni\\\/#organization\"},\"potentialAction\":[{\"@type\":\"SearchAction\",\"target\":{\"@type\":\"EntryPoint\",\"urlTemplate\":\"https:\\\/\\\/trulynolen.com.ni\\\/?s={search_term_string}\"},\"query-input\":{\"@type\":\"PropertyValueSpecification\",\"valueRequired\":true,\"valueName\":\"search_term_string\"}}],\"inLanguage\":\"es\"},{\"@type\":\"Organization\",\"@id\":\"https:\\\/\\\/trulynolen.com.ni\\\/#organization\",\"name\":\"Truly Nolen Nicaragua\",\"url\":\"https:\\\/\\\/trulynolen.com.ni\\\/\",\"logo\":{\"@type\":\"ImageObject\",\"inLanguage\":\"es\",\"@id\":\"https:\\\/\\\/trulynolen.com.ni\\\/#\\\/schema\\\/logo\\\/image\\\/\",\"url\":\"https:\\\/\\\/trulynolen.com.ni\\\/wp-content\\\/uploads\\\/2024\\\/12\\\/Untitled-design.jpg\",\"contentUrl\":\"https:\\\/\\\/trulynolen.com.ni\\\/wp-content\\\/uploads\\\/2024\\\/12\\\/Untitled-design.jpg\",\"width\":696,\"height\":696,\"caption\":\"Truly Nolen Nicaragua\"},\"image\":{\"@id\":\"https:\\\/\\\/trulynolen.com.ni\\\/#\\\/schema\\\/logo\\\/image\\\/\"},\"sameAs\":[\"https:\\\/\\\/www.facebook.com\\\/TrulyNolenNIC\"]}]}<\/script>\n<!-- \/ Yoast SEO plugin. -->","yoast_head_json":{"title":"Soporte y Acompa\u00f1amiento en Auditor\u00edas -","robots":{"index":"index","follow":"follow","max-snippet":"max-snippet:-1","max-image-preview":"max-image-preview:large","max-video-preview":"max-video-preview:-1"},"canonical":"https:\/\/trulynolen.com.ni\/index.php\/soporte-y-acompanamiento-en-auditorias\/","og_locale":"es_ES","og_type":"article","og_title":"Soporte y Acompa\u00f1amiento en Auditor\u00edas -","og_description":"Garantiza el Cumplimiento de Normativas con el Respaldo de Truly Nolen Las auditor\u00edas en control de plagas son fundamentales para garantizar el cumplimiento de normativas sanitarias, de inocuidad y seguridad en diversas industrias. En Truly Nolen, ofrecemos un servicio especializado de soporte y acompa\u00f1amiento en auditor\u00edas, asegurando que nuestros clientes cumplan con los requisitos exigidos [&hellip;]","og_url":"https:\/\/trulynolen.com.ni\/index.php\/soporte-y-acompanamiento-en-auditorias\/","article_publisher":"https:\/\/www.facebook.com\/TrulyNolenNIC","article_modified_time":"2025-02-19T22:53:21+00:00","og_image":[{"width":1920,"height":1080,"url":"https:\/\/trulynolen.com.ni\/wp-content\/uploads\/2024\/12\/Fondo-de-pantalla-coming-soon.jpg","type":"image\/jpeg"}],"twitter_card":"summary_large_image","twitter_misc":{"Tiempo de lectura":"2 minutos"},"schema":{"@context":"https:\/\/schema.org","@graph":[{"@type":"WebPage","@id":"https:\/\/trulynolen.com.ni\/index.php\/soporte-y-acompanamiento-en-auditorias\/","url":"https:\/\/trulynolen.com.ni\/index.php\/soporte-y-acompanamiento-en-auditorias\/","name":"Soporte y Acompa\u00f1amiento en Auditor\u00edas -","isPartOf":{"@id":"https:\/\/trulynolen.com.ni\/#website"},"datePublished":"2025-02-04T19:58:01+00:00","dateModified":"2025-02-19T22:53:21+00:00","breadcrumb":{"@id":"https:\/\/trulynolen.com.ni\/index.php\/soporte-y-acompanamiento-en-auditorias\/#breadcrumb"},"inLanguage":"es","potentialAction":[{"@type":"ReadAction","target":["https:\/\/trulynolen.com.ni\/index.php\/soporte-y-acompanamiento-en-auditorias\/"]}]},{"@type":"BreadcrumbList","@id":"https:\/\/trulynolen.com.ni\/index.php\/soporte-y-acompanamiento-en-auditorias\/#breadcrumb","itemListElement":[{"@type":"ListItem","position":1,"name":"Portada","item":"https:\/\/trulynolen.com.ni\/"},{"@type":"ListItem","position":2,"name":"Soporte y Acompa\u00f1amiento en Auditor\u00edas"}]},{"@type":"WebSite","@id":"https:\/\/trulynolen.com.ni\/#website","url":"https:\/\/trulynolen.com.ni\/","name":"Truly Nolen Nicaragua","description":"","publisher":{"@id":"https:\/\/trulynolen.com.ni\/#organization"},"potentialAction":[{"@type":"SearchAction","target":{"@type":"EntryPoint","urlTemplate":"https:\/\/trulynolen.com.ni\/?s={search_term_string}"},"query-input":{"@type":"PropertyValueSpecification","valueRequired":true,"valueName":"search_term_string"}}],"inLanguage":"es"},{"@type":"Organization","@id":"https:\/\/trulynolen.com.ni\/#organization","name":"Truly Nolen Nicaragua","url":"https:\/\/trulynolen.com.ni\/","logo":{"@type":"ImageObject","inLanguage":"es","@id":"https:\/\/trulynolen.com.ni\/#\/schema\/logo\/image\/","url":"https:\/\/trulynolen.com.ni\/wp-content\/uploads\/2024\/12\/Untitled-design.jpg","contentUrl":"https:\/\/trulynolen.com.ni\/wp-content\/uploads\/2024\/12\/Untitled-design.jpg","width":696,"height":696,"caption":"Truly Nolen Nicaragua"},"image":{"@id":"https:\/\/trulynolen.com.ni\/#\/schema\/logo\/image\/"},"sameAs":["https:\/\/www.facebook.com\/TrulyNolenNIC"]}]}},"_links":{"self":[{"href":"https:\/\/trulynolen.com.ni\/index.php\/wp-json\/wp\/v2\/pages\/202","targetHints":{"allow":["GET"]}}],"collection":[{"href":"https:\/\/trulynolen.com.ni\/index.php\/wp-json\/wp\/v2\/pages"}],"about":[{"href":"https:\/\/trulynolen.com.ni\/index.php\/wp-json\/wp\/v2\/types\/page"}],"author":[{"embeddable":true,"href":"https:\/\/trulynolen.com.ni\/index.php\/wp-json\/wp\/v2\/users\/1"}],"replies":[{"embeddable":true,"href":"https:\/\/trulynolen.com.ni\/index.php\/wp-json\/wp\/v2\/comments?post=202"}],"version-history":[{"count":6,"href":"https:\/\/trulynolen.com.ni\/index.php\/wp-json\/wp\/v2\/pages\/202\/revisions"}],"predecessor-version":[{"id":531,"href":"https:\/\/trulynolen.com.ni\/index.php\/wp-json\/wp\/v2\/pages\/202\/revisions\/531"}],"wp:attachment":[{"href":"https:\/\/trulynolen.com.ni\/index.php\/wp-json\/wp\/v2\/media?parent=202"}],"curies":[{"name":"wp","href":"https:\/\/api.w.org\/{rel}","templated":true}]}}