{"id":201,"date":"2025-02-04T19:57:51","date_gmt":"2025-02-04T19:57:51","guid":{"rendered":"https:\/\/trulynolen.com.ni\/?page_id=201"},"modified":"2025-02-19T22:01:55","modified_gmt":"2025-02-19T22:01:55","slug":"capacitaciones-a-clientes","status":"publish","type":"page","link":"https:\/\/trulynolen.com.ni\/index.php\/capacitaciones-a-clientes\/","title":{"rendered":"Capacitaciones a Clientes"},"content":{"rendered":"\t\t<div data-elementor-type=\"wp-page\" data-elementor-id=\"201\" class=\"elementor elementor-201\" data-elementor-post-type=\"page\">\n\t\t\t\t<div class=\"elementor-element elementor-element-4d32ae9 e-flex e-con-boxed e-con e-parent\" data-id=\"4d32ae9\" data-element_type=\"container\">\n\t\t\t\t\t<div class=\"e-con-inner\">\n\t\t\t\t<div class=\"elementor-element elementor-element-98a47f9 elementor-widget elementor-widget-heading\" data-id=\"98a47f9\" data-element_type=\"widget\" data-widget_type=\"heading.default\">\n\t\t\t\t<div class=\"elementor-widget-container\">\n\t\t\t\t\t<h2 class=\"elementor-heading-title elementor-size-default\"><h2 data-pm-slice=\"1 1 []\">Importancia de la Capacitaci\u00f3n en Control de Plagas<span style=\"font-family: var( --e-global-typography-primary-font-family ), Sans-serif;font-size: 2rem;font-weight: var( --e-global-typography-primary-font-weight );text-align: var(--text-align)\"><\/span><\/h2><\/h2>\t\t\t\t<\/div>\n\t\t\t\t<\/div>\n\t\t\t\t\t<\/div>\n\t\t\t\t<\/div>\n\t\t<div class=\"elementor-element elementor-element-f722ec5 e-flex e-con-boxed e-con e-parent\" data-id=\"f722ec5\" data-element_type=\"container\">\n\t\t\t\t\t<div class=\"e-con-inner\">\n\t\t\t\t<div class=\"elementor-element elementor-element-9bb14c5 elementor-widget elementor-widget-text-editor\" data-id=\"9bb14c5\" data-element_type=\"widget\" data-widget_type=\"text-editor.default\">\n\t\t\t\t<div class=\"elementor-widget-container\">\n\t\t\t\t\t\t\t\t\t<p data-pm-slice=\"1 1 []\">El conocimiento es clave para la prevenci\u00f3n y el manejo eficiente de plagas. En Truly Nolen, no solo brindamos servicios de control, sino que tambi\u00e9n capacitamos a nuestros clientes para que puedan implementar medidas preventivas y optimizar el manejo de plagas en sus instalaciones.<\/p>\n<p><strong>\u00bfPor qu\u00e9 es importante capacitarse?<\/strong><\/p>\n<p data-pm-slice=\"1 3 []\">\n<\/p><h2><\/h2>\n<p><\/p>\n<ul data-spread=\"false\">\n<li>\n<p><span><strong>Prevenci\u00f3n efectiva:<\/strong><\/span><span> Un personal capacitado reduce el riesgo de infestaciones mediante buenas pr\u00e1cticas de higiene y manejo.<\/span><\/p>\n<\/li>\n<li>\n<p><span><strong>Cumplimiento normativo:<\/strong><\/span><span> Las empresas del sector alimenticio, salud y retail deben cumplir con regulaciones estrictas en materia de control de plagas.<\/span><\/p>\n<\/li>\n<li>\n<p><span><strong>Reducci\u00f3n de costos:<\/strong><\/span><span> La prevenci\u00f3n es m\u00e1s econ\u00f3mica que la correcci\u00f3n de problemas severos de infestaci\u00f3n.<\/span><\/p>\n<\/li>\n<li>\n<p><span><strong>Ambiente seguro:<\/strong><\/span><span> Minimiza riesgos sanitarios, evitando enfermedades transmitidas por plagas.<\/span><\/p><\/li>\n<\/ul>\t\t\t\t\t\t\t\t<\/div>\n\t\t\t\t<\/div>\n\t\t\t\t\t<\/div>\n\t\t\t\t<\/div>\n\t\t<div class=\"elementor-element elementor-element-25e08db e-flex e-con-boxed e-con e-parent\" data-id=\"25e08db\" data-element_type=\"container\">\n\t\t\t\t\t<div class=\"e-con-inner\">\n\t\t\t\t<div class=\"elementor-element elementor-element-f6c120f elementor-widget elementor-widget-heading\" data-id=\"f6c120f\" data-element_type=\"widget\" data-widget_type=\"heading.default\">\n\t\t\t\t<div class=\"elementor-widget-container\">\n\t\t\t\t\t<h2 class=\"elementor-heading-title elementor-size-default\"><h2 data-pm-slice=\"1 1 []\">Tipos de Capacitaciones que Ofrecemos<span style=\"font-family: var( --e-global-typography-primary-font-family ), Sans-serif;font-size: 2rem;font-weight: var( --e-global-typography-primary-font-weight );text-align: var(--text-align)\"><\/span><\/h2><\/h2>\t\t\t\t<\/div>\n\t\t\t\t<\/div>\n\t\t\t\t<div class=\"elementor-element elementor-element-efbc6a8 elementor-widget elementor-widget-text-editor\" data-id=\"efbc6a8\" data-element_type=\"widget\" data-widget_type=\"text-editor.default\">\n\t\t\t\t<div class=\"elementor-widget-container\">\n\t\t\t\t\t\t\t\t\t<h3 data-pm-slice=\"1 1 []\">1. <strong>Capacitaci\u00f3n en Manejo Integrado de Plagas (MIP)<\/strong><\/h3>\n<p>Brindamos formaci\u00f3n sobre estrategias combinadas de prevenci\u00f3n y control, reduciendo la dependencia de pesticidas y promoviendo m\u00e9todos ecol\u00f3gicos y sostenibles.<\/p>\n<h3>2. <strong>Capacitaciones Espec\u00edficas Seg\u00fan las Necesidades del Cliente<\/strong><\/h3>\n<p>Si el cliente requiere formaci\u00f3n en un tipo espec\u00edfico de plaga o tema relacionado con el control de plagas, adaptamos la capacitaci\u00f3n a sus necesidades. Podemos abordar temas como control de roedores, insectos rastreros, insectos voladores, plagas en la industria alimenticia, plagas en hospitales, prevenci\u00f3n de infestaciones en oficinas y mucho m\u00e1s.<\/p>\n<h3>3. <strong>Buenas Pr\u00e1cticas de Higiene y Saneamiento<\/strong><\/h3>\n<p>Dirigida a negocios e industrias para reforzar medidas que previenen la aparici\u00f3n de plagas mediante la correcta manipulaci\u00f3n de alimentos, almacenamiento y limpieza.<\/p>\n<h3>4. <strong>Identificaci\u00f3n de Plagas y M\u00e9todos de Control<\/strong><\/h3>\n<p>Capacitamos a los clientes para reconocer signos tempranos de infestaci\u00f3n, tipos de plagas m\u00e1s comunes y las soluciones m\u00e1s efectivas para cada caso.<\/p>\n<h3>5. <strong>Cumplimiento de Normativas Sanitarias<\/strong><\/h3>\n<p>Ense\u00f1amos a las empresas c\u00f3mo alinear sus procesos con est\u00e1ndares internacionales como ISO 9001, HACCP, BPM y regulaciones locales para evitar sanciones y garantizar la seguridad de sus instalaciones.<\/p>\n<h3>6. <strong>Uso Seguro de Productos y Equipos de Control<\/strong><\/h3>\n<p>Capacitaci\u00f3n especializada en el manejo responsable de herramientas y productos de control de plagas, priorizando la seguridad del personal y del medio ambiente.<\/p>\t\t\t\t\t\t\t\t<\/div>\n\t\t\t\t<\/div>\n\t\t\t\t<div class=\"elementor-element elementor-element-dae0fe7 elementor-widget elementor-widget-heading\" data-id=\"dae0fe7\" data-element_type=\"widget\" data-widget_type=\"heading.default\">\n\t\t\t\t<div class=\"elementor-widget-container\">\n\t\t\t\t\t<h2 class=\"elementor-heading-title elementor-size-default\">\u00bfPor Qu\u00e9 Elegir Nuestras Capacitaciones?<\/h2>\t\t\t\t<\/div>\n\t\t\t\t<\/div>\n\t\t\t\t<div class=\"elementor-element elementor-element-fe6a2af elementor-widget elementor-widget-text-editor\" data-id=\"fe6a2af\" data-element_type=\"widget\" data-widget_type=\"text-editor.default\">\n\t\t\t\t<div class=\"elementor-widget-container\">\n\t\t\t\t\t\t\t\t\t<ul data-spread=\"false\" data-pm-slice=\"3 3 []\"><li><p><strong>Enfoque pr\u00e1ctico y personalizado:<\/strong> Adaptamos la formaci\u00f3n seg\u00fan el tipo de industria y sus necesidades espec\u00edficas.<\/p><\/li><li><p><strong>Expertos con experiencia:<\/strong> T\u00e9cnicos certificados con amplio conocimiento en control de plagas.<\/p><\/li><li><p><strong>Material actualizado:<\/strong> Utilizamos informaci\u00f3n basada en normativas vigentes y las \u00faltimas innovaciones en el sector.<\/p><\/li><li><p><strong>Capacitaci\u00f3n in situ o virtual:<\/strong> Ofrecemos flexibilidad en la modalidad de ense\u00f1anza, seg\u00fan las preferencias del cliente.<\/p><\/li><\/ul>\t\t\t\t\t\t\t\t<\/div>\n\t\t\t\t<\/div>\n\t\t\t\t\t<\/div>\n\t\t\t\t<\/div>\n\t\t<div class=\"elementor-element elementor-element-944c270 e-flex e-con-boxed e-con e-parent\" data-id=\"944c270\" data-element_type=\"container\">\n\t\t\t\t\t<div class=\"e-con-inner\">\n\t\t\t\t<div class=\"elementor-element elementor-element-0765748 elementor-widget elementor-widget-heading\" data-id=\"0765748\" data-element_type=\"widget\" data-widget_type=\"heading.default\">\n\t\t\t\t<div class=\"elementor-widget-container\">\n\t\t\t\t\t<h2 class=\"elementor-heading-title elementor-size-default\"><h2 data-pm-slice=\"1 1 []\">Compromiso con la Calidad y el Medio Ambiente<span style=\"color: var( --e-global-color-primary );font-family: var( --e-global-typography-primary-font-family ), Sans-serif;font-size: 2rem;font-weight: var( --e-global-typography-primary-font-weight );text-align: var(--text-align)\"><\/span><\/h2><\/h2>\t\t\t\t<\/div>\n\t\t\t\t<\/div>\n\t\t\t\t\t<\/div>\n\t\t\t\t<\/div>\n\t\t<div class=\"elementor-element elementor-element-30ff90c e-flex e-con-boxed e-con e-parent\" data-id=\"30ff90c\" data-element_type=\"container\">\n\t\t\t\t\t<div class=\"e-con-inner\">\n\t\t\t\t<div class=\"elementor-element elementor-element-369b653 elementor-widget elementor-widget-text-editor\" data-id=\"369b653\" data-element_type=\"widget\" data-widget_type=\"text-editor.default\">\n\t\t\t\t<div class=\"elementor-widget-container\">\n\t\t\t\t\t\t\t\t\t<p data-pm-slice=\"1 1 []\">En Truly Nolen, nuestra capacitaci\u00f3n se alinea con las mejores pr\u00e1cticas ambientales y est\u00e1ndares de calidad, asegurando que nuestros clientes implementen m\u00e9todos seguros y efectivos en la gesti\u00f3n de plagas.<\/p>\t\t\t\t\t\t\t\t<\/div>\n\t\t\t\t<\/div>\n\t\t\t\t\t<\/div>\n\t\t\t\t<\/div>\n\t\t<div class=\"elementor-element elementor-element-f6c98a8 e-flex e-con-boxed e-con e-parent\" data-id=\"f6c98a8\" data-element_type=\"container\">\n\t\t\t\t\t<div class=\"e-con-inner\">\n\t\t\t\t<div class=\"elementor-element elementor-element-bd7a1f9 elementor-widget elementor-widget-heading\" data-id=\"bd7a1f9\" data-element_type=\"widget\" data-widget_type=\"heading.default\">\n\t\t\t\t<div class=\"elementor-widget-container\">\n\t\t\t\t\t<h2 class=\"elementor-heading-title elementor-size-default\"><h2 data-pm-slice=\"1 1 []\">Cont\u00e1ctanos<span style=\"color: var( --e-global-color-primary );font-family: var( --e-global-typography-primary-font-family ), Sans-serif;font-size: 2rem;font-weight: var( --e-global-typography-primary-font-weight );text-align: var(--text-align)\"><\/span><\/h2><\/h2>\t\t\t\t<\/div>\n\t\t\t\t<\/div>\n\t\t\t\t\t<\/div>\n\t\t\t\t<\/div>\n\t\t<div class=\"elementor-element elementor-element-9956690 e-flex e-con-boxed e-con e-parent\" data-id=\"9956690\" data-element_type=\"container\">\n\t\t\t\t\t<div class=\"e-con-inner\">\n\t\t\t\t<div class=\"elementor-element elementor-element-c9c69fe elementor-widget elementor-widget-text-editor\" data-id=\"c9c69fe\" data-element_type=\"widget\" data-widget_type=\"text-editor.default\">\n\t\t\t\t<div class=\"elementor-widget-container\">\n\t\t\t\t\t\t\t\t\t<p data-pm-slice=\"1 1 []\">Si deseas capacitar a tu equipo en la prevenci\u00f3n y control de plagas, comun\u00edcate con nosotros. Juntos crearemos un entorno m\u00e1s seguro y libre de plagas.<\/p>\t\t\t\t\t\t\t\t<\/div>\n\t\t\t\t<\/div>\n\t\t\t\t\t<\/div>\n\t\t\t\t<\/div>\n\t\t\t\t<\/div>\n\t\t","protected":false},"excerpt":{"rendered":"<p>Importancia de la Capacitaci\u00f3n en Control de Plagas El conocimiento es clave para la prevenci\u00f3n y el manejo eficiente de plagas. En Truly Nolen, no solo brindamos servicios de control, sino que tambi\u00e9n capacitamos a nuestros clientes para que puedan implementar medidas preventivas y optimizar el manejo de plagas en sus instalaciones. \u00bfPor qu\u00e9 es [&hellip;]<\/p>\n","protected":false},"author":1,"featured_media":0,"parent":0,"menu_order":0,"comment_status":"closed","ping_status":"closed","template":"","meta":{"saved_in_kubio":false,"footnotes":""},"class_list":["post-201","page","type-page","status-publish","hentry"],"kubio_ai_page_context":{"short_desc":"","purpose":"general"},"yoast_head":"<!-- This site is optimized with the Yoast SEO plugin v27.5 - https:\/\/yoast.com\/product\/yoast-seo-wordpress\/ -->\n<title>Capacitaciones a Clientes -<\/title>\n<meta name=\"robots\" content=\"index, follow, max-snippet:-1, max-image-preview:large, max-video-preview:-1\" \/>\n<link rel=\"canonical\" href=\"https:\/\/trulynolen.com.ni\/index.php\/capacitaciones-a-clientes\/\" \/>\n<meta property=\"og:locale\" content=\"es_ES\" \/>\n<meta property=\"og:type\" content=\"article\" \/>\n<meta property=\"og:title\" content=\"Capacitaciones a Clientes -\" \/>\n<meta property=\"og:description\" content=\"Importancia de la Capacitaci\u00f3n en Control de Plagas El conocimiento es clave para la prevenci\u00f3n y el manejo eficiente de plagas. En Truly Nolen, no solo brindamos servicios de control, sino que tambi\u00e9n capacitamos a nuestros clientes para que puedan implementar medidas preventivas y optimizar el manejo de plagas en sus instalaciones. \u00bfPor qu\u00e9 es [&hellip;]\" \/>\n<meta property=\"og:url\" content=\"https:\/\/trulynolen.com.ni\/index.php\/capacitaciones-a-clientes\/\" \/>\n<meta property=\"article:publisher\" content=\"https:\/\/www.facebook.com\/TrulyNolenNIC\" \/>\n<meta property=\"article:modified_time\" content=\"2025-02-19T22:01:55+00:00\" \/>\n<meta property=\"og:image\" content=\"https:\/\/trulynolen.com.ni\/wp-content\/uploads\/2024\/12\/Fondo-de-pantalla-coming-soon.jpg\" \/>\n\t<meta property=\"og:image:width\" content=\"1920\" \/>\n\t<meta property=\"og:image:height\" content=\"1080\" \/>\n\t<meta property=\"og:image:type\" content=\"image\/jpeg\" \/>\n<meta name=\"twitter:card\" content=\"summary_large_image\" \/>\n<meta name=\"twitter:label1\" content=\"Tiempo de lectura\" \/>\n\t<meta name=\"twitter:data1\" content=\"3 minutos\" \/>\n<script type=\"application\/ld+json\" class=\"yoast-schema-graph\">{\"@context\":\"https:\\\/\\\/schema.org\",\"@graph\":[{\"@type\":\"WebPage\",\"@id\":\"https:\\\/\\\/trulynolen.com.ni\\\/index.php\\\/capacitaciones-a-clientes\\\/\",\"url\":\"https:\\\/\\\/trulynolen.com.ni\\\/index.php\\\/capacitaciones-a-clientes\\\/\",\"name\":\"Capacitaciones a Clientes -\",\"isPartOf\":{\"@id\":\"https:\\\/\\\/trulynolen.com.ni\\\/#website\"},\"datePublished\":\"2025-02-04T19:57:51+00:00\",\"dateModified\":\"2025-02-19T22:01:55+00:00\",\"breadcrumb\":{\"@id\":\"https:\\\/\\\/trulynolen.com.ni\\\/index.php\\\/capacitaciones-a-clientes\\\/#breadcrumb\"},\"inLanguage\":\"es\",\"potentialAction\":[{\"@type\":\"ReadAction\",\"target\":[\"https:\\\/\\\/trulynolen.com.ni\\\/index.php\\\/capacitaciones-a-clientes\\\/\"]}]},{\"@type\":\"BreadcrumbList\",\"@id\":\"https:\\\/\\\/trulynolen.com.ni\\\/index.php\\\/capacitaciones-a-clientes\\\/#breadcrumb\",\"itemListElement\":[{\"@type\":\"ListItem\",\"position\":1,\"name\":\"Portada\",\"item\":\"https:\\\/\\\/trulynolen.com.ni\\\/\"},{\"@type\":\"ListItem\",\"position\":2,\"name\":\"Capacitaciones a Clientes\"}]},{\"@type\":\"WebSite\",\"@id\":\"https:\\\/\\\/trulynolen.com.ni\\\/#website\",\"url\":\"https:\\\/\\\/trulynolen.com.ni\\\/\",\"name\":\"Truly Nolen Nicaragua\",\"description\":\"\",\"publisher\":{\"@id\":\"https:\\\/\\\/trulynolen.com.ni\\\/#organization\"},\"potentialAction\":[{\"@type\":\"SearchAction\",\"target\":{\"@type\":\"EntryPoint\",\"urlTemplate\":\"https:\\\/\\\/trulynolen.com.ni\\\/?s={search_term_string}\"},\"query-input\":{\"@type\":\"PropertyValueSpecification\",\"valueRequired\":true,\"valueName\":\"search_term_string\"}}],\"inLanguage\":\"es\"},{\"@type\":\"Organization\",\"@id\":\"https:\\\/\\\/trulynolen.com.ni\\\/#organization\",\"name\":\"Truly Nolen Nicaragua\",\"url\":\"https:\\\/\\\/trulynolen.com.ni\\\/\",\"logo\":{\"@type\":\"ImageObject\",\"inLanguage\":\"es\",\"@id\":\"https:\\\/\\\/trulynolen.com.ni\\\/#\\\/schema\\\/logo\\\/image\\\/\",\"url\":\"https:\\\/\\\/trulynolen.com.ni\\\/wp-content\\\/uploads\\\/2024\\\/12\\\/Untitled-design.jpg\",\"contentUrl\":\"https:\\\/\\\/trulynolen.com.ni\\\/wp-content\\\/uploads\\\/2024\\\/12\\\/Untitled-design.jpg\",\"width\":696,\"height\":696,\"caption\":\"Truly Nolen Nicaragua\"},\"image\":{\"@id\":\"https:\\\/\\\/trulynolen.com.ni\\\/#\\\/schema\\\/logo\\\/image\\\/\"},\"sameAs\":[\"https:\\\/\\\/www.facebook.com\\\/TrulyNolenNIC\"]}]}<\/script>\n<!-- \/ Yoast SEO plugin. -->","yoast_head_json":{"title":"Capacitaciones a Clientes -","robots":{"index":"index","follow":"follow","max-snippet":"max-snippet:-1","max-image-preview":"max-image-preview:large","max-video-preview":"max-video-preview:-1"},"canonical":"https:\/\/trulynolen.com.ni\/index.php\/capacitaciones-a-clientes\/","og_locale":"es_ES","og_type":"article","og_title":"Capacitaciones a Clientes -","og_description":"Importancia de la Capacitaci\u00f3n en Control de Plagas El conocimiento es clave para la prevenci\u00f3n y el manejo eficiente de plagas. En Truly Nolen, no solo brindamos servicios de control, sino que tambi\u00e9n capacitamos a nuestros clientes para que puedan implementar medidas preventivas y optimizar el manejo de plagas en sus instalaciones. \u00bfPor qu\u00e9 es [&hellip;]","og_url":"https:\/\/trulynolen.com.ni\/index.php\/capacitaciones-a-clientes\/","article_publisher":"https:\/\/www.facebook.com\/TrulyNolenNIC","article_modified_time":"2025-02-19T22:01:55+00:00","og_image":[{"width":1920,"height":1080,"url":"https:\/\/trulynolen.com.ni\/wp-content\/uploads\/2024\/12\/Fondo-de-pantalla-coming-soon.jpg","type":"image\/jpeg"}],"twitter_card":"summary_large_image","twitter_misc":{"Tiempo de lectura":"3 minutos"},"schema":{"@context":"https:\/\/schema.org","@graph":[{"@type":"WebPage","@id":"https:\/\/trulynolen.com.ni\/index.php\/capacitaciones-a-clientes\/","url":"https:\/\/trulynolen.com.ni\/index.php\/capacitaciones-a-clientes\/","name":"Capacitaciones a Clientes -","isPartOf":{"@id":"https:\/\/trulynolen.com.ni\/#website"},"datePublished":"2025-02-04T19:57:51+00:00","dateModified":"2025-02-19T22:01:55+00:00","breadcrumb":{"@id":"https:\/\/trulynolen.com.ni\/index.php\/capacitaciones-a-clientes\/#breadcrumb"},"inLanguage":"es","potentialAction":[{"@type":"ReadAction","target":["https:\/\/trulynolen.com.ni\/index.php\/capacitaciones-a-clientes\/"]}]},{"@type":"BreadcrumbList","@id":"https:\/\/trulynolen.com.ni\/index.php\/capacitaciones-a-clientes\/#breadcrumb","itemListElement":[{"@type":"ListItem","position":1,"name":"Portada","item":"https:\/\/trulynolen.com.ni\/"},{"@type":"ListItem","position":2,"name":"Capacitaciones a Clientes"}]},{"@type":"WebSite","@id":"https:\/\/trulynolen.com.ni\/#website","url":"https:\/\/trulynolen.com.ni\/","name":"Truly Nolen Nicaragua","description":"","publisher":{"@id":"https:\/\/trulynolen.com.ni\/#organization"},"potentialAction":[{"@type":"SearchAction","target":{"@type":"EntryPoint","urlTemplate":"https:\/\/trulynolen.com.ni\/?s={search_term_string}"},"query-input":{"@type":"PropertyValueSpecification","valueRequired":true,"valueName":"search_term_string"}}],"inLanguage":"es"},{"@type":"Organization","@id":"https:\/\/trulynolen.com.ni\/#organization","name":"Truly Nolen Nicaragua","url":"https:\/\/trulynolen.com.ni\/","logo":{"@type":"ImageObject","inLanguage":"es","@id":"https:\/\/trulynolen.com.ni\/#\/schema\/logo\/image\/","url":"https:\/\/trulynolen.com.ni\/wp-content\/uploads\/2024\/12\/Untitled-design.jpg","contentUrl":"https:\/\/trulynolen.com.ni\/wp-content\/uploads\/2024\/12\/Untitled-design.jpg","width":696,"height":696,"caption":"Truly Nolen Nicaragua"},"image":{"@id":"https:\/\/trulynolen.com.ni\/#\/schema\/logo\/image\/"},"sameAs":["https:\/\/www.facebook.com\/TrulyNolenNIC"]}]}},"_links":{"self":[{"href":"https:\/\/trulynolen.com.ni\/index.php\/wp-json\/wp\/v2\/pages\/201","targetHints":{"allow":["GET"]}}],"collection":[{"href":"https:\/\/trulynolen.com.ni\/index.php\/wp-json\/wp\/v2\/pages"}],"about":[{"href":"https:\/\/trulynolen.com.ni\/index.php\/wp-json\/wp\/v2\/types\/page"}],"author":[{"embeddable":true,"href":"https:\/\/trulynolen.com.ni\/index.php\/wp-json\/wp\/v2\/users\/1"}],"replies":[{"embeddable":true,"href":"https:\/\/trulynolen.com.ni\/index.php\/wp-json\/wp\/v2\/comments?post=201"}],"version-history":[{"count":6,"href":"https:\/\/trulynolen.com.ni\/index.php\/wp-json\/wp\/v2\/pages\/201\/revisions"}],"predecessor-version":[{"id":515,"href":"https:\/\/trulynolen.com.ni\/index.php\/wp-json\/wp\/v2\/pages\/201\/revisions\/515"}],"wp:attachment":[{"href":"https:\/\/trulynolen.com.ni\/index.php\/wp-json\/wp\/v2\/media?parent=201"}],"curies":[{"name":"wp","href":"https:\/\/api.w.org\/{rel}","templated":true}]}}