{"id":199,"date":"2025-02-04T19:57:08","date_gmt":"2025-02-04T19:57:08","guid":{"rendered":"https:\/\/trulynolen.com.ni\/?page_id=199"},"modified":"2025-02-19T22:11:26","modified_gmt":"2025-02-19T22:11:26","slug":"diseno-de-programas-personalizados","status":"publish","type":"page","link":"https:\/\/trulynolen.com.ni\/index.php\/diseno-de-programas-personalizados\/","title":{"rendered":"Dise\u00f1o de Programas Personalizados"},"content":{"rendered":"\t\t<div data-elementor-type=\"wp-page\" data-elementor-id=\"199\" class=\"elementor elementor-199\" data-elementor-post-type=\"page\">\n\t\t\t\t<div class=\"elementor-element elementor-element-652cc9b e-flex e-con-boxed e-con e-parent\" data-id=\"652cc9b\" data-element_type=\"container\">\n\t\t\t\t\t<div class=\"e-con-inner\">\n\t\t\t\t<div class=\"elementor-element elementor-element-6cfa78d elementor-widget elementor-widget-heading\" data-id=\"6cfa78d\" data-element_type=\"widget\" data-widget_type=\"heading.default\">\n\t\t\t\t<div class=\"elementor-widget-container\">\n\t\t\t\t\t<h2 class=\"elementor-heading-title elementor-size-default\"><h2 data-pm-slice=\"1 1 []\">Soluciones Adaptadas a Cada Cliente<span style=\"font-family: var( --e-global-typography-primary-font-family ), Sans-serif;font-size: 2rem;font-weight: var( --e-global-typography-primary-font-weight );text-align: var(--text-align)\"><\/span><\/h2><\/h2>\t\t\t\t<\/div>\n\t\t\t\t<\/div>\n\t\t\t\t<div class=\"elementor-element elementor-element-d3dd22f elementor-widget elementor-widget-text-editor\" data-id=\"d3dd22f\" data-element_type=\"widget\" data-widget_type=\"text-editor.default\">\n\t\t\t\t<div class=\"elementor-widget-container\">\n\t\t\t\t\t\t\t\t\t<p data-pm-slice=\"1 1 []\">En Truly Nolen, entendemos que cada entorno tiene necesidades \u00fanicas en el control de plagas. Por ello, dise\u00f1amos programas personalizados que garantizan soluciones efectivas y seguras.<\/p>\t\t\t\t\t\t\t\t<\/div>\n\t\t\t\t<\/div>\n\t\t\t\t<div class=\"elementor-element elementor-element-6c8182f elementor-widget elementor-widget-heading\" data-id=\"6c8182f\" data-element_type=\"widget\" data-widget_type=\"heading.default\">\n\t\t\t\t<div class=\"elementor-widget-container\">\n\t\t\t\t\t<h2 class=\"elementor-heading-title elementor-size-default\"><h2 data-pm-slice=\"1 1 []\">\u00bfQu\u00e9 Incluye Nuestro Servicio?<span style=\"font-family: var( --e-global-typography-primary-font-family ), Sans-serif;font-size: 2rem;font-weight: var( --e-global-typography-primary-font-weight );text-align: var(--text-align)\"><\/span><\/h2><\/h2>\t\t\t\t<\/div>\n\t\t\t\t<\/div>\n\t\t\t\t<div class=\"elementor-element elementor-element-0ae4968 elementor-widget elementor-widget-text-editor\" data-id=\"0ae4968\" data-element_type=\"widget\" data-widget_type=\"text-editor.default\">\n\t\t\t\t<div class=\"elementor-widget-container\">\n\t\t\t\t\t\t\t\t\t<ul data-spread=\"false\" data-pm-slice=\"3 3 []\"><li><p><strong>Evaluaci\u00f3n Inicial:<\/strong> An\u00e1lisis detallado del lugar y nivel de infestaci\u00f3n.<\/p><\/li><li><p><strong>Plan de Acci\u00f3n Personalizado:<\/strong> Estrategias adaptadas a cada cliente y sector.<\/p><\/li><li><p><strong>Uso de M\u00e9todos Innovadores:<\/strong> Aplicaci\u00f3n de tecnolog\u00edas avanzadas y productos ecol\u00f3gicos.<\/p><\/li><li><p><strong>Monitoreo y Ajustes:<\/strong> Supervisi\u00f3n continua y optimizaci\u00f3n de estrategias.<\/p><\/li><\/ul>\t\t\t\t\t\t\t\t<\/div>\n\t\t\t\t<\/div>\n\t\t\t\t<div class=\"elementor-element elementor-element-04b9bde elementor-widget elementor-widget-heading\" data-id=\"04b9bde\" data-element_type=\"widget\" data-widget_type=\"heading.default\">\n\t\t\t\t<div class=\"elementor-widget-container\">\n\t\t\t\t\t<h2 class=\"elementor-heading-title elementor-size-default\"><h2 data-pm-slice=\"1 1 []\">Beneficios de un Programa Personalizado<span style=\"font-family: var( --e-global-typography-primary-font-family ), Sans-serif;font-size: 2rem;font-weight: var( --e-global-typography-primary-font-weight );text-align: var(--text-align)\"><\/span><\/h2><\/h2>\t\t\t\t<\/div>\n\t\t\t\t<\/div>\n\t\t\t\t<div class=\"elementor-element elementor-element-1bc0918 elementor-widget elementor-widget-text-editor\" data-id=\"1bc0918\" data-element_type=\"widget\" data-widget_type=\"text-editor.default\">\n\t\t\t\t<div class=\"elementor-widget-container\">\n\t\t\t\t\t\t\t\t\t<ul data-spread=\"false\" data-pm-slice=\"3 3 []\"><li><p><strong>Mayor Efectividad:<\/strong> Soluciones espec\u00edficas seg\u00fan el tipo de plaga y entorno.<\/p><\/li><li><p><strong>Cumplimiento Normativo:<\/strong> Adaptaci\u00f3n a regulaciones de seguridad e higiene.<\/p><\/li><li><p><strong>Optimizaci\u00f3n de Costos:<\/strong> Aplicaci\u00f3n eficiente de recursos y tratamientos.<\/p><\/li><\/ul>\t\t\t\t\t\t\t\t<\/div>\n\t\t\t\t<\/div>\n\t\t\t\t<div class=\"elementor-element elementor-element-576544c elementor-widget elementor-widget-heading\" data-id=\"576544c\" data-element_type=\"widget\" data-widget_type=\"heading.default\">\n\t\t\t\t<div class=\"elementor-widget-container\">\n\t\t\t\t\t<h2 class=\"elementor-heading-title elementor-size-default\"><h2 data-pm-slice=\"1 1 []\">Cont\u00e1ctanos<span style=\"font-family: var( --e-global-typography-primary-font-family ), Sans-serif;font-size: 2rem;font-weight: var( --e-global-typography-primary-font-weight );text-align: var(--text-align)\"><\/span><\/h2><\/h2>\t\t\t\t<\/div>\n\t\t\t\t<\/div>\n\t\t\t\t\t<\/div>\n\t\t\t\t<\/div>\n\t\t<div class=\"elementor-element elementor-element-9376438 e-flex e-con-boxed e-con e-parent\" data-id=\"9376438\" data-element_type=\"container\">\n\t\t\t\t\t<div class=\"e-con-inner\">\n\t\t\t\t<div class=\"elementor-element elementor-element-be91a41 elementor-widget elementor-widget-text-editor\" data-id=\"be91a41\" data-element_type=\"widget\" data-widget_type=\"text-editor.default\">\n\t\t\t\t<div class=\"elementor-widget-container\">\n\t\t\t\t\t\t\t\t\t<p data-pm-slice=\"1 1 []\">Si necesitas un programa de control de plagas dise\u00f1ado a la medida de tu empresa o residencia, nuestro equipo est\u00e1 listo para ayudarte.<\/p>\t\t\t\t\t\t\t\t<\/div>\n\t\t\t\t<\/div>\n\t\t\t\t\t<\/div>\n\t\t\t\t<\/div>\n\t\t\t\t<\/div>\n\t\t","protected":false},"excerpt":{"rendered":"<p>Soluciones Adaptadas a Cada Cliente En Truly Nolen, entendemos que cada entorno tiene necesidades \u00fanicas en el control de plagas. Por ello, dise\u00f1amos programas personalizados que garantizan soluciones efectivas y seguras. \u00bfQu\u00e9 Incluye Nuestro Servicio? Evaluaci\u00f3n Inicial: An\u00e1lisis detallado del lugar y nivel de infestaci\u00f3n. Plan de Acci\u00f3n Personalizado: Estrategias adaptadas a cada cliente y [&hellip;]<\/p>\n","protected":false},"author":1,"featured_media":0,"parent":0,"menu_order":0,"comment_status":"closed","ping_status":"closed","template":"","meta":{"saved_in_kubio":false,"footnotes":""},"class_list":["post-199","page","type-page","status-publish","hentry"],"kubio_ai_page_context":{"short_desc":"","purpose":"general"},"yoast_head":"<!-- This site is optimized with the Yoast SEO plugin v27.5 - https:\/\/yoast.com\/product\/yoast-seo-wordpress\/ -->\n<title>Dise\u00f1o de Programas Personalizados -<\/title>\n<meta name=\"robots\" content=\"index, follow, max-snippet:-1, max-image-preview:large, max-video-preview:-1\" \/>\n<link rel=\"canonical\" href=\"https:\/\/trulynolen.com.ni\/index.php\/diseno-de-programas-personalizados\/\" \/>\n<meta property=\"og:locale\" content=\"es_ES\" \/>\n<meta property=\"og:type\" content=\"article\" \/>\n<meta property=\"og:title\" content=\"Dise\u00f1o de Programas Personalizados -\" \/>\n<meta property=\"og:description\" content=\"Soluciones Adaptadas a Cada Cliente En Truly Nolen, entendemos que cada entorno tiene necesidades \u00fanicas en el control de plagas. Por ello, dise\u00f1amos programas personalizados que garantizan soluciones efectivas y seguras. \u00bfQu\u00e9 Incluye Nuestro Servicio? Evaluaci\u00f3n Inicial: An\u00e1lisis detallado del lugar y nivel de infestaci\u00f3n. Plan de Acci\u00f3n Personalizado: Estrategias adaptadas a cada cliente y [&hellip;]\" \/>\n<meta property=\"og:url\" content=\"https:\/\/trulynolen.com.ni\/index.php\/diseno-de-programas-personalizados\/\" \/>\n<meta property=\"article:publisher\" content=\"https:\/\/www.facebook.com\/TrulyNolenNIC\" \/>\n<meta property=\"article:modified_time\" content=\"2025-02-19T22:11:26+00:00\" \/>\n<meta property=\"og:image\" content=\"https:\/\/trulynolen.com.ni\/wp-content\/uploads\/2024\/12\/Fondo-de-pantalla-coming-soon.jpg\" \/>\n\t<meta property=\"og:image:width\" content=\"1920\" \/>\n\t<meta property=\"og:image:height\" content=\"1080\" \/>\n\t<meta property=\"og:image:type\" content=\"image\/jpeg\" \/>\n<meta name=\"twitter:card\" content=\"summary_large_image\" \/>\n<meta name=\"twitter:label1\" content=\"Tiempo de lectura\" \/>\n\t<meta name=\"twitter:data1\" content=\"1 minuto\" \/>\n<script type=\"application\/ld+json\" class=\"yoast-schema-graph\">{\"@context\":\"https:\\\/\\\/schema.org\",\"@graph\":[{\"@type\":\"WebPage\",\"@id\":\"https:\\\/\\\/trulynolen.com.ni\\\/index.php\\\/diseno-de-programas-personalizados\\\/\",\"url\":\"https:\\\/\\\/trulynolen.com.ni\\\/index.php\\\/diseno-de-programas-personalizados\\\/\",\"name\":\"Dise\u00f1o de Programas Personalizados -\",\"isPartOf\":{\"@id\":\"https:\\\/\\\/trulynolen.com.ni\\\/#website\"},\"datePublished\":\"2025-02-04T19:57:08+00:00\",\"dateModified\":\"2025-02-19T22:11:26+00:00\",\"breadcrumb\":{\"@id\":\"https:\\\/\\\/trulynolen.com.ni\\\/index.php\\\/diseno-de-programas-personalizados\\\/#breadcrumb\"},\"inLanguage\":\"es\",\"potentialAction\":[{\"@type\":\"ReadAction\",\"target\":[\"https:\\\/\\\/trulynolen.com.ni\\\/index.php\\\/diseno-de-programas-personalizados\\\/\"]}]},{\"@type\":\"BreadcrumbList\",\"@id\":\"https:\\\/\\\/trulynolen.com.ni\\\/index.php\\\/diseno-de-programas-personalizados\\\/#breadcrumb\",\"itemListElement\":[{\"@type\":\"ListItem\",\"position\":1,\"name\":\"Portada\",\"item\":\"https:\\\/\\\/trulynolen.com.ni\\\/\"},{\"@type\":\"ListItem\",\"position\":2,\"name\":\"Dise\u00f1o de Programas Personalizados\"}]},{\"@type\":\"WebSite\",\"@id\":\"https:\\\/\\\/trulynolen.com.ni\\\/#website\",\"url\":\"https:\\\/\\\/trulynolen.com.ni\\\/\",\"name\":\"Truly Nolen Nicaragua\",\"description\":\"\",\"publisher\":{\"@id\":\"https:\\\/\\\/trulynolen.com.ni\\\/#organization\"},\"potentialAction\":[{\"@type\":\"SearchAction\",\"target\":{\"@type\":\"EntryPoint\",\"urlTemplate\":\"https:\\\/\\\/trulynolen.com.ni\\\/?s={search_term_string}\"},\"query-input\":{\"@type\":\"PropertyValueSpecification\",\"valueRequired\":true,\"valueName\":\"search_term_string\"}}],\"inLanguage\":\"es\"},{\"@type\":\"Organization\",\"@id\":\"https:\\\/\\\/trulynolen.com.ni\\\/#organization\",\"name\":\"Truly Nolen Nicaragua\",\"url\":\"https:\\\/\\\/trulynolen.com.ni\\\/\",\"logo\":{\"@type\":\"ImageObject\",\"inLanguage\":\"es\",\"@id\":\"https:\\\/\\\/trulynolen.com.ni\\\/#\\\/schema\\\/logo\\\/image\\\/\",\"url\":\"https:\\\/\\\/trulynolen.com.ni\\\/wp-content\\\/uploads\\\/2024\\\/12\\\/Untitled-design.jpg\",\"contentUrl\":\"https:\\\/\\\/trulynolen.com.ni\\\/wp-content\\\/uploads\\\/2024\\\/12\\\/Untitled-design.jpg\",\"width\":696,\"height\":696,\"caption\":\"Truly Nolen Nicaragua\"},\"image\":{\"@id\":\"https:\\\/\\\/trulynolen.com.ni\\\/#\\\/schema\\\/logo\\\/image\\\/\"},\"sameAs\":[\"https:\\\/\\\/www.facebook.com\\\/TrulyNolenNIC\"]}]}<\/script>\n<!-- \/ Yoast SEO plugin. -->","yoast_head_json":{"title":"Dise\u00f1o de Programas Personalizados -","robots":{"index":"index","follow":"follow","max-snippet":"max-snippet:-1","max-image-preview":"max-image-preview:large","max-video-preview":"max-video-preview:-1"},"canonical":"https:\/\/trulynolen.com.ni\/index.php\/diseno-de-programas-personalizados\/","og_locale":"es_ES","og_type":"article","og_title":"Dise\u00f1o de Programas Personalizados -","og_description":"Soluciones Adaptadas a Cada Cliente En Truly Nolen, entendemos que cada entorno tiene necesidades \u00fanicas en el control de plagas. Por ello, dise\u00f1amos programas personalizados que garantizan soluciones efectivas y seguras. \u00bfQu\u00e9 Incluye Nuestro Servicio? Evaluaci\u00f3n Inicial: An\u00e1lisis detallado del lugar y nivel de infestaci\u00f3n. Plan de Acci\u00f3n Personalizado: Estrategias adaptadas a cada cliente y [&hellip;]","og_url":"https:\/\/trulynolen.com.ni\/index.php\/diseno-de-programas-personalizados\/","article_publisher":"https:\/\/www.facebook.com\/TrulyNolenNIC","article_modified_time":"2025-02-19T22:11:26+00:00","og_image":[{"width":1920,"height":1080,"url":"https:\/\/trulynolen.com.ni\/wp-content\/uploads\/2024\/12\/Fondo-de-pantalla-coming-soon.jpg","type":"image\/jpeg"}],"twitter_card":"summary_large_image","twitter_misc":{"Tiempo de lectura":"1 minuto"},"schema":{"@context":"https:\/\/schema.org","@graph":[{"@type":"WebPage","@id":"https:\/\/trulynolen.com.ni\/index.php\/diseno-de-programas-personalizados\/","url":"https:\/\/trulynolen.com.ni\/index.php\/diseno-de-programas-personalizados\/","name":"Dise\u00f1o de Programas Personalizados -","isPartOf":{"@id":"https:\/\/trulynolen.com.ni\/#website"},"datePublished":"2025-02-04T19:57:08+00:00","dateModified":"2025-02-19T22:11:26+00:00","breadcrumb":{"@id":"https:\/\/trulynolen.com.ni\/index.php\/diseno-de-programas-personalizados\/#breadcrumb"},"inLanguage":"es","potentialAction":[{"@type":"ReadAction","target":["https:\/\/trulynolen.com.ni\/index.php\/diseno-de-programas-personalizados\/"]}]},{"@type":"BreadcrumbList","@id":"https:\/\/trulynolen.com.ni\/index.php\/diseno-de-programas-personalizados\/#breadcrumb","itemListElement":[{"@type":"ListItem","position":1,"name":"Portada","item":"https:\/\/trulynolen.com.ni\/"},{"@type":"ListItem","position":2,"name":"Dise\u00f1o de Programas Personalizados"}]},{"@type":"WebSite","@id":"https:\/\/trulynolen.com.ni\/#website","url":"https:\/\/trulynolen.com.ni\/","name":"Truly Nolen Nicaragua","description":"","publisher":{"@id":"https:\/\/trulynolen.com.ni\/#organization"},"potentialAction":[{"@type":"SearchAction","target":{"@type":"EntryPoint","urlTemplate":"https:\/\/trulynolen.com.ni\/?s={search_term_string}"},"query-input":{"@type":"PropertyValueSpecification","valueRequired":true,"valueName":"search_term_string"}}],"inLanguage":"es"},{"@type":"Organization","@id":"https:\/\/trulynolen.com.ni\/#organization","name":"Truly Nolen Nicaragua","url":"https:\/\/trulynolen.com.ni\/","logo":{"@type":"ImageObject","inLanguage":"es","@id":"https:\/\/trulynolen.com.ni\/#\/schema\/logo\/image\/","url":"https:\/\/trulynolen.com.ni\/wp-content\/uploads\/2024\/12\/Untitled-design.jpg","contentUrl":"https:\/\/trulynolen.com.ni\/wp-content\/uploads\/2024\/12\/Untitled-design.jpg","width":696,"height":696,"caption":"Truly Nolen Nicaragua"},"image":{"@id":"https:\/\/trulynolen.com.ni\/#\/schema\/logo\/image\/"},"sameAs":["https:\/\/www.facebook.com\/TrulyNolenNIC"]}]}},"_links":{"self":[{"href":"https:\/\/trulynolen.com.ni\/index.php\/wp-json\/wp\/v2\/pages\/199","targetHints":{"allow":["GET"]}}],"collection":[{"href":"https:\/\/trulynolen.com.ni\/index.php\/wp-json\/wp\/v2\/pages"}],"about":[{"href":"https:\/\/trulynolen.com.ni\/index.php\/wp-json\/wp\/v2\/types\/page"}],"author":[{"embeddable":true,"href":"https:\/\/trulynolen.com.ni\/index.php\/wp-json\/wp\/v2\/users\/1"}],"replies":[{"embeddable":true,"href":"https:\/\/trulynolen.com.ni\/index.php\/wp-json\/wp\/v2\/comments?post=199"}],"version-history":[{"count":6,"href":"https:\/\/trulynolen.com.ni\/index.php\/wp-json\/wp\/v2\/pages\/199\/revisions"}],"predecessor-version":[{"id":521,"href":"https:\/\/trulynolen.com.ni\/index.php\/wp-json\/wp\/v2\/pages\/199\/revisions\/521"}],"wp:attachment":[{"href":"https:\/\/trulynolen.com.ni\/index.php\/wp-json\/wp\/v2\/media?parent=199"}],"curies":[{"name":"wp","href":"https:\/\/api.w.org\/{rel}","templated":true}]}}