{"id":182,"date":"2025-02-04T19:30:42","date_gmt":"2025-02-04T19:30:42","guid":{"rendered":"https:\/\/trulynolen.com.ni\/?page_id=182"},"modified":"2025-02-19T21:01:50","modified_gmt":"2025-02-19T21:01:50","slug":"instituciones-medicas-y-de-salud","status":"publish","type":"page","link":"https:\/\/trulynolen.com.ni\/index.php\/instituciones-medicas-y-de-salud\/","title":{"rendered":"Instituciones M\u00e9dicas y de Salud"},"content":{"rendered":"\t\t<div data-elementor-type=\"wp-page\" data-elementor-id=\"182\" class=\"elementor elementor-182\" data-elementor-post-type=\"page\">\n\t\t\t\t<div class=\"elementor-element elementor-element-3f0ae79 e-flex e-con-boxed e-con e-parent\" data-id=\"3f0ae79\" data-element_type=\"container\">\n\t\t\t\t\t<div class=\"e-con-inner\">\n\t\t\t\t<div class=\"elementor-element elementor-element-6bb87cf elementor-widget elementor-widget-heading\" data-id=\"6bb87cf\" data-element_type=\"widget\" data-widget_type=\"heading.default\">\n\t\t\t\t<div class=\"elementor-widget-container\">\n\t\t\t\t\t<h2 class=\"elementor-heading-title elementor-size-default\"><h2 data-pm-slice=\"1 1 []\">Importancia del Control de Plagas en Instituciones de Salud<span style=\"font-family: var( --e-global-typography-primary-font-family ), Sans-serif;font-size: 2rem;font-weight: var( --e-global-typography-primary-font-weight );text-align: var(--text-align)\"><\/span><\/h2><\/h2>\t\t\t\t<\/div>\n\t\t\t\t<\/div>\n\t\t\t\t\t<\/div>\n\t\t\t\t<\/div>\n\t\t<div class=\"elementor-element elementor-element-de78106 e-flex e-con-boxed e-con e-parent\" data-id=\"de78106\" data-element_type=\"container\">\n\t\t\t\t\t<div class=\"e-con-inner\">\n\t\t\t\t<div class=\"elementor-element elementor-element-0faa94a elementor-widget elementor-widget-text-editor\" data-id=\"0faa94a\" data-element_type=\"widget\" data-widget_type=\"text-editor.default\">\n\t\t\t\t<div class=\"elementor-widget-container\">\n\t\t\t\t\t\t\t\t\t<p data-pm-slice=\"1 1 []\">Los hospitales, cl\u00ednicas y centros de salud deben cumplir con estrictos est\u00e1ndares de higiene y seguridad para proteger a pacientes, personal m\u00e9dico y visitantes. La presencia de plagas en estos entornos puede generar:<\/p><p><h2><\/h2><\/p><ul data-spread=\"false\"><li><p><span><strong>Riesgo de infecciones:<\/strong><\/span><span> Las plagas pueden ser portadoras de bacterias y virus que comprometen la salud de los pacientes.<\/span><\/p><\/li><li><p><span><strong>Contaminaci\u00f3n de insumos m\u00e9dicos y alimentos:<\/strong><\/span><span> Los insectos y roedores pueden afectar medicamentos, alimentos y \u00e1reas est\u00e9riles.<\/span><\/p><\/li><li><p><span><strong>Cumplimiento de normativas sanitarias:<\/strong><\/span><span> Las instituciones deben cumplir con regulaciones estrictas para evitar sanciones y garantizar la seguridad del entorno.<\/span><\/p><\/li><li><p><span><strong>P\u00e9rdida de confianza:<\/strong><\/span><span> La presencia de plagas puede afectar la reputaci\u00f3n del centro de salud y disminuir la confianza de los pacientes.<\/span><\/p><\/li><\/ul>\t\t\t\t\t\t\t\t<\/div>\n\t\t\t\t<\/div>\n\t\t\t\t\t<\/div>\n\t\t\t\t<\/div>\n\t\t<div class=\"elementor-element elementor-element-b44aee6 e-flex e-con-boxed e-con e-parent\" data-id=\"b44aee6\" data-element_type=\"container\">\n\t\t\t\t\t<div class=\"e-con-inner\">\n\t\t\t\t<div class=\"elementor-element elementor-element-995a7b4 elementor-widget elementor-widget-heading\" data-id=\"995a7b4\" data-element_type=\"widget\" data-widget_type=\"heading.default\">\n\t\t\t\t<div class=\"elementor-widget-container\">\n\t\t\t\t\t<h2 class=\"elementor-heading-title elementor-size-default\"><h2 data-pm-slice=\"1 1 []\">Soluciones Personalizadas de Truly Nolen<span style=\"font-family: var( --e-global-typography-primary-font-family ), Sans-serif;font-size: 2rem;font-weight: var( --e-global-typography-primary-font-weight );text-align: var(--text-align)\"><\/span><\/h2><\/h2>\t\t\t\t<\/div>\n\t\t\t\t<\/div>\n\t\t\t\t\t<\/div>\n\t\t\t\t<\/div>\n\t\t<div class=\"elementor-element elementor-element-a760a02 e-flex e-con-boxed e-con e-parent\" data-id=\"a760a02\" data-element_type=\"container\">\n\t\t\t\t\t<div class=\"e-con-inner\">\n\t\t\t\t<div class=\"elementor-element elementor-element-56aecfb elementor-widget elementor-widget-text-editor\" data-id=\"56aecfb\" data-element_type=\"widget\" data-widget_type=\"text-editor.default\">\n\t\t\t\t<div class=\"elementor-widget-container\">\n\t\t\t\t\t\t\t\t\t<p data-pm-slice=\"1 1 []\">En Truly Nolen comprendemos la importancia de mantener un entorno hospitalario libre de plagas. Por ello, ofrecemos:<\/p><p><h2><\/h2><\/p><ul data-spread=\"false\"><li><p><span><strong>Inspecci\u00f3n y detecci\u00f3n temprana:<\/strong><\/span><span> Evaluamos minuciosamente las instalaciones para prevenir infestaciones.<\/span><\/p><\/li><li><p><span><strong>Tratamientos sin riesgo:<\/strong><\/span><span> Utilizamos m\u00e9todos de control seguros para pacientes, personal y visitantes.<\/span><\/p><\/li><li><p><span><strong>Planes de prevenci\u00f3n continua:<\/strong><\/span><span> Dise\u00f1amos estrategias de manejo de plagas adaptadas a las necesidades de cada instituci\u00f3n.<\/span><\/p><\/li><li><p><span><strong>Monitoreo constante:<\/strong><\/span><span> Implementamos sistemas de supervisi\u00f3n y auditor\u00eda para garantizar un ambiente libre de plagas.<\/span><\/p><\/li><\/ul>\t\t\t\t\t\t\t\t<\/div>\n\t\t\t\t<\/div>\n\t\t\t\t\t<\/div>\n\t\t\t\t<\/div>\n\t\t<div class=\"elementor-element elementor-element-9bcf867 e-flex e-con-boxed e-con e-parent\" data-id=\"9bcf867\" data-element_type=\"container\">\n\t\t\t\t\t<div class=\"e-con-inner\">\n\t\t\t\t<div class=\"elementor-element elementor-element-68c47c0 elementor-widget elementor-widget-heading\" data-id=\"68c47c0\" data-element_type=\"widget\" data-widget_type=\"heading.default\">\n\t\t\t\t<div class=\"elementor-widget-container\">\n\t\t\t\t\t<h2 class=\"elementor-heading-title elementor-size-default\"><h2 data-pm-slice=\"1 1 []\">\u00bfPor Qu\u00e9 Elegir Truly Nolen?<span style=\"font-family: var( --e-global-typography-primary-font-family ), Sans-serif;font-size: 2rem;font-weight: var( --e-global-typography-primary-font-weight );text-align: var(--text-align)\"><\/span><\/h2><\/h2>\t\t\t\t<\/div>\n\t\t\t\t<\/div>\n\t\t\t\t\t<\/div>\n\t\t\t\t<\/div>\n\t\t<div class=\"elementor-element elementor-element-bbf0b7f e-flex e-con-boxed e-con e-parent\" data-id=\"bbf0b7f\" data-element_type=\"container\">\n\t\t\t\t\t<div class=\"e-con-inner\">\n\t\t\t\t<div class=\"elementor-element elementor-element-38e75f5 elementor-widget elementor-widget-text-editor\" data-id=\"38e75f5\" data-element_type=\"widget\" data-widget_type=\"text-editor.default\">\n\t\t\t\t<div class=\"elementor-widget-container\">\n\t\t\t\t\t\t\t\t\t<p><h2><\/h2><\/p><ul data-spread=\"false\" data-pm-slice=\"3 1 []\"><li><p><span><strong>Cumplimiento con est\u00e1ndares internacionales:<\/strong><\/span><span> Nos alineamos con normativas de bioseguridad y sanidad hospitalaria.<\/span><\/p><\/li><li><p><span><strong>Productos y m\u00e9todos seguros:<\/strong><\/span><span> Utilizamos tratamientos especializados sin riesgo para los pacientes y el equipo m\u00e9dico.<\/span><\/p><\/li><li><p><span><strong>Asesoramiento y capacitaci\u00f3n:<\/strong><\/span><span> Brindamos formaci\u00f3n al personal en medidas de prevenci\u00f3n y control de plagas.<\/span><\/p><\/li><li><p><span><strong>Monitoreo continuo y seguimiento:<\/strong><\/span><span> Implementamos auditor\u00edas peri\u00f3dicas para garantizar la eficacia del servicio.<\/span><\/p><\/li><\/ul>\t\t\t\t\t\t\t\t<\/div>\n\t\t\t\t<\/div>\n\t\t\t\t\t<\/div>\n\t\t\t\t<\/div>\n\t\t<div class=\"elementor-element elementor-element-be5a9b4 e-flex e-con-boxed e-con e-parent\" data-id=\"be5a9b4\" data-element_type=\"container\">\n\t\t\t\t\t<div class=\"e-con-inner\">\n\t\t\t\t<div class=\"elementor-element elementor-element-913b4e1 elementor-widget elementor-widget-heading\" data-id=\"913b4e1\" data-element_type=\"widget\" data-widget_type=\"heading.default\">\n\t\t\t\t<div class=\"elementor-widget-container\">\n\t\t\t\t\t<h2 class=\"elementor-heading-title elementor-size-default\"><h2 data-pm-slice=\"1 1 []\">Compromiso con la Calidad y el Medio Ambiente<span style=\"font-family: var( --e-global-typography-primary-font-family ), Sans-serif;font-size: 2rem;font-weight: var( --e-global-typography-primary-font-weight );text-align: var(--text-align)\"><\/span><\/h2><\/h2>\t\t\t\t<\/div>\n\t\t\t\t<\/div>\n\t\t\t\t\t<\/div>\n\t\t\t\t<\/div>\n\t\t<div class=\"elementor-element elementor-element-385153f e-flex e-con-boxed e-con e-parent\" data-id=\"385153f\" data-element_type=\"container\">\n\t\t\t\t\t<div class=\"e-con-inner\">\n\t\t\t\t<div class=\"elementor-element elementor-element-9097e7f elementor-widget elementor-widget-text-editor\" data-id=\"9097e7f\" data-element_type=\"widget\" data-widget_type=\"text-editor.default\">\n\t\t\t\t<div class=\"elementor-widget-container\">\n\t\t\t\t\t\t\t\t\t<p data-pm-slice=\"1 1 []\">Truly Nolen est\u00e1 certificada bajo la norma <strong>ISO 9001:2015<\/strong>, asegurando la excelencia y seguridad en todos nuestros servicios. Nuestros m\u00e9todos de control de plagas est\u00e1n dise\u00f1ados para minimizar el impacto ambiental y garantizar un entorno saludable.<\/p>\t\t\t\t\t\t\t\t<\/div>\n\t\t\t\t<\/div>\n\t\t\t\t\t<\/div>\n\t\t\t\t<\/div>\n\t\t<div class=\"elementor-element elementor-element-6ff2965 e-flex e-con-boxed e-con e-parent\" data-id=\"6ff2965\" data-element_type=\"container\">\n\t\t\t\t\t<div class=\"e-con-inner\">\n\t\t\t\t<div class=\"elementor-element elementor-element-40e8f9f elementor-widget elementor-widget-heading\" data-id=\"40e8f9f\" data-element_type=\"widget\" data-widget_type=\"heading.default\">\n\t\t\t\t<div class=\"elementor-widget-container\">\n\t\t\t\t\t<h2 class=\"elementor-heading-title elementor-size-default\"><h2 data-pm-slice=\"1 1 []\">Cont\u00e1ctanos<span style=\"font-family: var( --e-global-typography-primary-font-family ), Sans-serif;font-size: 2rem;font-weight: var( --e-global-typography-primary-font-weight );text-align: var(--text-align)\"><\/span><\/h2><\/h2>\t\t\t\t<\/div>\n\t\t\t\t<\/div>\n\t\t\t\t\t<\/div>\n\t\t\t\t<\/div>\n\t\t<div class=\"elementor-element elementor-element-745a925 e-flex e-con-boxed e-con e-parent\" data-id=\"745a925\" data-element_type=\"container\">\n\t\t\t\t\t<div class=\"e-con-inner\">\n\t\t\t\t<div class=\"elementor-element elementor-element-ae57c0c elementor-widget elementor-widget-text-editor\" data-id=\"ae57c0c\" data-element_type=\"widget\" data-widget_type=\"text-editor.default\">\n\t\t\t\t<div class=\"elementor-widget-container\">\n\t\t\t\t\t\t\t\t\t<p data-pm-slice=\"1 1 []\">Si deseas garantizar un ambiente libre de plagas en tu instituci\u00f3n de salud, cont\u00e1ctanos. Nuestro equipo de expertos est\u00e1 listo para ofrecerte soluciones efectivas y seguras.<\/p>\t\t\t\t\t\t\t\t<\/div>\n\t\t\t\t<\/div>\n\t\t\t\t\t<\/div>\n\t\t\t\t<\/div>\n\t\t\t\t<\/div>\n\t\t","protected":false},"excerpt":{"rendered":"<p>Importancia del Control de Plagas en Instituciones de Salud Los hospitales, cl\u00ednicas y centros de salud deben cumplir con estrictos est\u00e1ndares de higiene y seguridad para proteger a pacientes, personal m\u00e9dico y visitantes. La presencia de plagas en estos entornos puede generar: Riesgo de infecciones: Las plagas pueden ser portadoras de bacterias y virus que [&hellip;]<\/p>\n","protected":false},"author":1,"featured_media":0,"parent":0,"menu_order":0,"comment_status":"closed","ping_status":"closed","template":"","meta":{"saved_in_kubio":false,"footnotes":""},"class_list":["post-182","page","type-page","status-publish","hentry"],"kubio_ai_page_context":{"short_desc":"","purpose":"general"},"yoast_head":"<!-- This site is optimized with the Yoast SEO plugin v27.5 - https:\/\/yoast.com\/product\/yoast-seo-wordpress\/ -->\n<title>Instituciones M\u00e9dicas y de Salud -<\/title>\n<meta name=\"robots\" content=\"index, follow, max-snippet:-1, max-image-preview:large, max-video-preview:-1\" \/>\n<link rel=\"canonical\" href=\"https:\/\/trulynolen.com.ni\/index.php\/instituciones-medicas-y-de-salud\/\" \/>\n<meta property=\"og:locale\" content=\"es_ES\" \/>\n<meta property=\"og:type\" content=\"article\" \/>\n<meta property=\"og:title\" content=\"Instituciones M\u00e9dicas y de Salud -\" \/>\n<meta property=\"og:description\" content=\"Importancia del Control de Plagas en Instituciones de Salud Los hospitales, cl\u00ednicas y centros de salud deben cumplir con estrictos est\u00e1ndares de higiene y seguridad para proteger a pacientes, personal m\u00e9dico y visitantes. La presencia de plagas en estos entornos puede generar: Riesgo de infecciones: Las plagas pueden ser portadoras de bacterias y virus que [&hellip;]\" \/>\n<meta property=\"og:url\" content=\"https:\/\/trulynolen.com.ni\/index.php\/instituciones-medicas-y-de-salud\/\" \/>\n<meta property=\"article:publisher\" content=\"https:\/\/www.facebook.com\/TrulyNolenNIC\" \/>\n<meta property=\"article:modified_time\" content=\"2025-02-19T21:01:50+00:00\" \/>\n<meta property=\"og:image\" content=\"https:\/\/trulynolen.com.ni\/wp-content\/uploads\/2024\/12\/Fondo-de-pantalla-coming-soon.jpg\" \/>\n\t<meta property=\"og:image:width\" content=\"1920\" \/>\n\t<meta property=\"og:image:height\" content=\"1080\" \/>\n\t<meta property=\"og:image:type\" content=\"image\/jpeg\" \/>\n<meta name=\"twitter:card\" content=\"summary_large_image\" \/>\n<meta name=\"twitter:label1\" content=\"Tiempo de lectura\" \/>\n\t<meta name=\"twitter:data1\" content=\"2 minutos\" \/>\n<script type=\"application\/ld+json\" class=\"yoast-schema-graph\">{\"@context\":\"https:\\\/\\\/schema.org\",\"@graph\":[{\"@type\":\"WebPage\",\"@id\":\"https:\\\/\\\/trulynolen.com.ni\\\/index.php\\\/instituciones-medicas-y-de-salud\\\/\",\"url\":\"https:\\\/\\\/trulynolen.com.ni\\\/index.php\\\/instituciones-medicas-y-de-salud\\\/\",\"name\":\"Instituciones M\u00e9dicas y de Salud -\",\"isPartOf\":{\"@id\":\"https:\\\/\\\/trulynolen.com.ni\\\/#website\"},\"datePublished\":\"2025-02-04T19:30:42+00:00\",\"dateModified\":\"2025-02-19T21:01:50+00:00\",\"breadcrumb\":{\"@id\":\"https:\\\/\\\/trulynolen.com.ni\\\/index.php\\\/instituciones-medicas-y-de-salud\\\/#breadcrumb\"},\"inLanguage\":\"es\",\"potentialAction\":[{\"@type\":\"ReadAction\",\"target\":[\"https:\\\/\\\/trulynolen.com.ni\\\/index.php\\\/instituciones-medicas-y-de-salud\\\/\"]}]},{\"@type\":\"BreadcrumbList\",\"@id\":\"https:\\\/\\\/trulynolen.com.ni\\\/index.php\\\/instituciones-medicas-y-de-salud\\\/#breadcrumb\",\"itemListElement\":[{\"@type\":\"ListItem\",\"position\":1,\"name\":\"Portada\",\"item\":\"https:\\\/\\\/trulynolen.com.ni\\\/\"},{\"@type\":\"ListItem\",\"position\":2,\"name\":\"Instituciones M\u00e9dicas y de Salud\"}]},{\"@type\":\"WebSite\",\"@id\":\"https:\\\/\\\/trulynolen.com.ni\\\/#website\",\"url\":\"https:\\\/\\\/trulynolen.com.ni\\\/\",\"name\":\"Truly Nolen Nicaragua\",\"description\":\"\",\"publisher\":{\"@id\":\"https:\\\/\\\/trulynolen.com.ni\\\/#organization\"},\"potentialAction\":[{\"@type\":\"SearchAction\",\"target\":{\"@type\":\"EntryPoint\",\"urlTemplate\":\"https:\\\/\\\/trulynolen.com.ni\\\/?s={search_term_string}\"},\"query-input\":{\"@type\":\"PropertyValueSpecification\",\"valueRequired\":true,\"valueName\":\"search_term_string\"}}],\"inLanguage\":\"es\"},{\"@type\":\"Organization\",\"@id\":\"https:\\\/\\\/trulynolen.com.ni\\\/#organization\",\"name\":\"Truly Nolen Nicaragua\",\"url\":\"https:\\\/\\\/trulynolen.com.ni\\\/\",\"logo\":{\"@type\":\"ImageObject\",\"inLanguage\":\"es\",\"@id\":\"https:\\\/\\\/trulynolen.com.ni\\\/#\\\/schema\\\/logo\\\/image\\\/\",\"url\":\"https:\\\/\\\/trulynolen.com.ni\\\/wp-content\\\/uploads\\\/2024\\\/12\\\/Untitled-design.jpg\",\"contentUrl\":\"https:\\\/\\\/trulynolen.com.ni\\\/wp-content\\\/uploads\\\/2024\\\/12\\\/Untitled-design.jpg\",\"width\":696,\"height\":696,\"caption\":\"Truly Nolen Nicaragua\"},\"image\":{\"@id\":\"https:\\\/\\\/trulynolen.com.ni\\\/#\\\/schema\\\/logo\\\/image\\\/\"},\"sameAs\":[\"https:\\\/\\\/www.facebook.com\\\/TrulyNolenNIC\"]}]}<\/script>\n<!-- \/ Yoast SEO plugin. -->","yoast_head_json":{"title":"Instituciones M\u00e9dicas y de Salud -","robots":{"index":"index","follow":"follow","max-snippet":"max-snippet:-1","max-image-preview":"max-image-preview:large","max-video-preview":"max-video-preview:-1"},"canonical":"https:\/\/trulynolen.com.ni\/index.php\/instituciones-medicas-y-de-salud\/","og_locale":"es_ES","og_type":"article","og_title":"Instituciones M\u00e9dicas y de Salud -","og_description":"Importancia del Control de Plagas en Instituciones de Salud Los hospitales, cl\u00ednicas y centros de salud deben cumplir con estrictos est\u00e1ndares de higiene y seguridad para proteger a pacientes, personal m\u00e9dico y visitantes. La presencia de plagas en estos entornos puede generar: Riesgo de infecciones: Las plagas pueden ser portadoras de bacterias y virus que [&hellip;]","og_url":"https:\/\/trulynolen.com.ni\/index.php\/instituciones-medicas-y-de-salud\/","article_publisher":"https:\/\/www.facebook.com\/TrulyNolenNIC","article_modified_time":"2025-02-19T21:01:50+00:00","og_image":[{"width":1920,"height":1080,"url":"https:\/\/trulynolen.com.ni\/wp-content\/uploads\/2024\/12\/Fondo-de-pantalla-coming-soon.jpg","type":"image\/jpeg"}],"twitter_card":"summary_large_image","twitter_misc":{"Tiempo de lectura":"2 minutos"},"schema":{"@context":"https:\/\/schema.org","@graph":[{"@type":"WebPage","@id":"https:\/\/trulynolen.com.ni\/index.php\/instituciones-medicas-y-de-salud\/","url":"https:\/\/trulynolen.com.ni\/index.php\/instituciones-medicas-y-de-salud\/","name":"Instituciones M\u00e9dicas y de Salud -","isPartOf":{"@id":"https:\/\/trulynolen.com.ni\/#website"},"datePublished":"2025-02-04T19:30:42+00:00","dateModified":"2025-02-19T21:01:50+00:00","breadcrumb":{"@id":"https:\/\/trulynolen.com.ni\/index.php\/instituciones-medicas-y-de-salud\/#breadcrumb"},"inLanguage":"es","potentialAction":[{"@type":"ReadAction","target":["https:\/\/trulynolen.com.ni\/index.php\/instituciones-medicas-y-de-salud\/"]}]},{"@type":"BreadcrumbList","@id":"https:\/\/trulynolen.com.ni\/index.php\/instituciones-medicas-y-de-salud\/#breadcrumb","itemListElement":[{"@type":"ListItem","position":1,"name":"Portada","item":"https:\/\/trulynolen.com.ni\/"},{"@type":"ListItem","position":2,"name":"Instituciones M\u00e9dicas y de Salud"}]},{"@type":"WebSite","@id":"https:\/\/trulynolen.com.ni\/#website","url":"https:\/\/trulynolen.com.ni\/","name":"Truly Nolen Nicaragua","description":"","publisher":{"@id":"https:\/\/trulynolen.com.ni\/#organization"},"potentialAction":[{"@type":"SearchAction","target":{"@type":"EntryPoint","urlTemplate":"https:\/\/trulynolen.com.ni\/?s={search_term_string}"},"query-input":{"@type":"PropertyValueSpecification","valueRequired":true,"valueName":"search_term_string"}}],"inLanguage":"es"},{"@type":"Organization","@id":"https:\/\/trulynolen.com.ni\/#organization","name":"Truly Nolen Nicaragua","url":"https:\/\/trulynolen.com.ni\/","logo":{"@type":"ImageObject","inLanguage":"es","@id":"https:\/\/trulynolen.com.ni\/#\/schema\/logo\/image\/","url":"https:\/\/trulynolen.com.ni\/wp-content\/uploads\/2024\/12\/Untitled-design.jpg","contentUrl":"https:\/\/trulynolen.com.ni\/wp-content\/uploads\/2024\/12\/Untitled-design.jpg","width":696,"height":696,"caption":"Truly Nolen Nicaragua"},"image":{"@id":"https:\/\/trulynolen.com.ni\/#\/schema\/logo\/image\/"},"sameAs":["https:\/\/www.facebook.com\/TrulyNolenNIC"]}]}},"_links":{"self":[{"href":"https:\/\/trulynolen.com.ni\/index.php\/wp-json\/wp\/v2\/pages\/182","targetHints":{"allow":["GET"]}}],"collection":[{"href":"https:\/\/trulynolen.com.ni\/index.php\/wp-json\/wp\/v2\/pages"}],"about":[{"href":"https:\/\/trulynolen.com.ni\/index.php\/wp-json\/wp\/v2\/types\/page"}],"author":[{"embeddable":true,"href":"https:\/\/trulynolen.com.ni\/index.php\/wp-json\/wp\/v2\/users\/1"}],"replies":[{"embeddable":true,"href":"https:\/\/trulynolen.com.ni\/index.php\/wp-json\/wp\/v2\/comments?post=182"}],"version-history":[{"count":4,"href":"https:\/\/trulynolen.com.ni\/index.php\/wp-json\/wp\/v2\/pages\/182\/revisions"}],"predecessor-version":[{"id":497,"href":"https:\/\/trulynolen.com.ni\/index.php\/wp-json\/wp\/v2\/pages\/182\/revisions\/497"}],"wp:attachment":[{"href":"https:\/\/trulynolen.com.ni\/index.php\/wp-json\/wp\/v2\/media?parent=182"}],"curies":[{"name":"wp","href":"https:\/\/api.w.org\/{rel}","templated":true}]}}