{"id":180,"date":"2025-02-04T19:24:47","date_gmt":"2025-02-04T19:24:47","guid":{"rendered":"https:\/\/trulynolen.com.ni\/?page_id=180"},"modified":"2025-02-19T20:56:59","modified_gmt":"2025-02-19T20:56:59","slug":"industrias-alimenticias","status":"publish","type":"page","link":"https:\/\/trulynolen.com.ni\/index.php\/industrias-alimenticias\/","title":{"rendered":"Industrias Alimenticias"},"content":{"rendered":"\t\t<div data-elementor-type=\"wp-page\" data-elementor-id=\"180\" class=\"elementor elementor-180\" data-elementor-post-type=\"page\">\n\t\t\t\t<div class=\"elementor-element elementor-element-5175a23 e-flex e-con-boxed e-con e-parent\" data-id=\"5175a23\" data-element_type=\"container\">\n\t\t\t\t\t<div class=\"e-con-inner\">\n\t\t\t\t<div class=\"elementor-element elementor-element-870ea6d elementor-widget elementor-widget-heading\" data-id=\"870ea6d\" data-element_type=\"widget\" data-widget_type=\"heading.default\">\n\t\t\t\t<div class=\"elementor-widget-container\">\n\t\t\t\t\t<h2 class=\"elementor-heading-title elementor-size-default\"><h2 data-pm-slice=\"1 1 []\">Importancia del Control de Plagas en la Industria Alimenticia<span style=\"color: var( --e-global-color-primary );font-family: var( --e-global-typography-primary-font-family ), Sans-serif;font-size: 2rem;font-weight: var( --e-global-typography-primary-font-weight );white-space: pre-wrap;text-align: var(--text-align);float: none\"><\/span><\/h2><\/h2>\t\t\t\t<\/div>\n\t\t\t\t<\/div>\n\t\t\t\t\t<\/div>\n\t\t\t\t<\/div>\n\t\t<div class=\"elementor-element elementor-element-6a0c811 e-flex e-con-boxed e-con e-parent\" data-id=\"6a0c811\" data-element_type=\"container\">\n\t\t\t\t\t<div class=\"e-con-inner\">\n\t\t\t\t<div class=\"elementor-element elementor-element-4e17968 elementor-widget elementor-widget-text-editor\" data-id=\"4e17968\" data-element_type=\"widget\" data-widget_type=\"text-editor.default\">\n\t\t\t\t<div class=\"elementor-widget-container\">\n\t\t\t\t\t\t\t\t\t<p data-pm-slice=\"1 1 []\">Las plagas representan una de las mayores amenazas para la seguridad alimentaria y la reputaci\u00f3n de las empresas del sector. Su presencia puede provocar:<\/p><p><h2><\/h2><\/p><ul data-spread=\"false\"><li><p><span><strong>Contaminaci\u00f3n de alimentos:<\/strong><\/span><span> Transmisi\u00f3n de bacterias y enfermedades a trav\u00e9s de insectos y roedores.<\/span><\/p><\/li><li><p><span><strong>Incumplimiento de normativas sanitarias:<\/strong><\/span><span> Riesgo de multas y sanciones por organismos reguladores.<\/span><\/p><\/li><li><p><span><strong>P\u00e9rdidas econ\u00f3micas:<\/strong><\/span><span> Deterioro de materia prima, productos almacenados y da\u00f1os estructurales.<\/span><\/p><\/li><li><p><span><strong>Riesgo reputacional:<\/strong><\/span><span> La presencia de plagas puede afectar la confianza de los clientes y consumidores.<\/span><\/p><\/li><\/ul>\t\t\t\t\t\t\t\t<\/div>\n\t\t\t\t<\/div>\n\t\t\t\t\t<\/div>\n\t\t\t\t<\/div>\n\t\t<div class=\"elementor-element elementor-element-5c6822e e-flex e-con-boxed e-con e-parent\" data-id=\"5c6822e\" data-element_type=\"container\">\n\t\t\t\t\t<div class=\"e-con-inner\">\n\t\t\t\t<div class=\"elementor-element elementor-element-58c792c elementor-widget elementor-widget-heading\" data-id=\"58c792c\" data-element_type=\"widget\" data-widget_type=\"heading.default\">\n\t\t\t\t<div class=\"elementor-widget-container\">\n\t\t\t\t\t<h2 class=\"elementor-heading-title elementor-size-default\"><h2 data-pm-slice=\"1 1 []\">Soluciones Personalizadas de Truly Nolen<span style=\"color: var( --e-global-color-primary );font-family: var( --e-global-typography-primary-font-family ), Sans-serif;font-size: 2rem;font-weight: var( --e-global-typography-primary-font-weight );white-space: pre-wrap;text-align: var(--text-align);float: none\"><\/span><\/h2><\/h2>\t\t\t\t<\/div>\n\t\t\t\t<\/div>\n\t\t\t\t\t<\/div>\n\t\t\t\t<\/div>\n\t\t<div class=\"elementor-element elementor-element-86e62be e-flex e-con-boxed e-con e-parent\" data-id=\"86e62be\" data-element_type=\"container\">\n\t\t\t\t\t<div class=\"e-con-inner\">\n\t\t\t\t<div class=\"elementor-element elementor-element-87de965 elementor-widget elementor-widget-text-editor\" data-id=\"87de965\" data-element_type=\"widget\" data-widget_type=\"text-editor.default\">\n\t\t\t\t<div class=\"elementor-widget-container\">\n\t\t\t\t\t\t\t\t\t<p data-pm-slice=\"1 1 []\">En Truly Nolen entendemos la importancia del control riguroso en la industria alimenticia, por lo que ofrecemos soluciones especializadas como:<\/p><p><h2><\/h2><\/p><ul data-spread=\"false\"><li><p><span><strong>Inspecci\u00f3n y an\u00e1lisis de riesgos:<\/strong><\/span><span> Identificaci\u00f3n de puntos cr\u00edticos de infestaci\u00f3n y evaluaci\u00f3n de riesgos sanitarios.<\/span><\/p><\/li><li><p><span><strong>Programas de Manejo Integrado de Plagas (MIP):<\/strong><\/span><span> Implementamos estrategias sostenibles y efectivas para un control a largo plazo.<\/span><\/p><\/li><li><p><span><strong>Uso de productos certificados:<\/strong><\/span><span> Aplicamos m\u00e9todos de control sin afectar la inocuidad de los alimentos ni la seguridad de los empleados.<\/span><\/p><\/li><li><p><span><strong>Monitoreo y auditor\u00eda continua:<\/strong><\/span><span> Seguimiento peri\u00f3dico para garantizar el cumplimiento de normativas internacionales y evitar futuras infestaciones.<\/span><\/p><\/li><\/ul>\t\t\t\t\t\t\t\t<\/div>\n\t\t\t\t<\/div>\n\t\t\t\t\t<\/div>\n\t\t\t\t<\/div>\n\t\t<div class=\"elementor-element elementor-element-2b0a4bd e-flex e-con-boxed e-con e-parent\" data-id=\"2b0a4bd\" data-element_type=\"container\">\n\t\t\t\t\t<div class=\"e-con-inner\">\n\t\t\t\t<div class=\"elementor-element elementor-element-ce72294 elementor-widget elementor-widget-heading\" data-id=\"ce72294\" data-element_type=\"widget\" data-widget_type=\"heading.default\">\n\t\t\t\t<div class=\"elementor-widget-container\">\n\t\t\t\t\t<h2 class=\"elementor-heading-title elementor-size-default\">\u00bfPor Qu\u00e9 Elegir Truly Nolen?<\/h2>\t\t\t\t<\/div>\n\t\t\t\t<\/div>\n\t\t\t\t\t<\/div>\n\t\t\t\t<\/div>\n\t\t<div class=\"elementor-element elementor-element-2227ed7 e-flex e-con-boxed e-con e-parent\" data-id=\"2227ed7\" data-element_type=\"container\">\n\t\t\t\t\t<div class=\"e-con-inner\">\n\t\t\t\t<div class=\"elementor-element elementor-element-cd39577 elementor-widget elementor-widget-text-editor\" data-id=\"cd39577\" data-element_type=\"widget\" data-widget_type=\"text-editor.default\">\n\t\t\t\t<div class=\"elementor-widget-container\">\n\t\t\t\t\t\t\t\t\t<ul data-spread=\"false\" data-pm-slice=\"3 3 []\"><li><p><strong>Cumplimiento con est\u00e1ndares internacionales:<\/strong> Nos alineamos con normativas de seguridad alimentaria como HACCP, ISO 22000 y BPM.<\/p><\/li><li><p><strong>M\u00e9todos innovadores y seguros:<\/strong> Tratamientos espec\u00edficos para cada tipo de industria sin afectar la producci\u00f3n.<\/p><\/li><li><p><strong>Capacitaci\u00f3n y asesoramiento:<\/strong> Entrenamos al personal en medidas preventivas para reducir el riesgo de infestaciones.<\/p><\/li><li><p><strong>Atenci\u00f3n personalizada:<\/strong> Dise\u00f1amos soluciones adaptadas a las necesidades de cada empresa en el sector alimenticio.<\/p><\/li><\/ul>\t\t\t\t\t\t\t\t<\/div>\n\t\t\t\t<\/div>\n\t\t\t\t\t<\/div>\n\t\t\t\t<\/div>\n\t\t<div class=\"elementor-element elementor-element-3983adc e-flex e-con-boxed e-con e-parent\" data-id=\"3983adc\" data-element_type=\"container\">\n\t\t\t\t\t<div class=\"e-con-inner\">\n\t\t\t\t<div class=\"elementor-element elementor-element-a7be7d1 elementor-widget elementor-widget-heading\" data-id=\"a7be7d1\" data-element_type=\"widget\" data-widget_type=\"heading.default\">\n\t\t\t\t<div class=\"elementor-widget-container\">\n\t\t\t\t\t<h2 class=\"elementor-heading-title elementor-size-default\"><h2 data-pm-slice=\"1 1 []\">Compromiso con la Calidad y el Medio Ambiente<span style=\"color: var( --e-global-color-primary );font-family: var( --e-global-typography-primary-font-family ), Sans-serif;font-size: 2rem;font-weight: var( --e-global-typography-primary-font-weight );text-align: var(--text-align)\"><\/span><\/h2><\/h2>\t\t\t\t<\/div>\n\t\t\t\t<\/div>\n\t\t\t\t\t<\/div>\n\t\t\t\t<\/div>\n\t\t<div class=\"elementor-element elementor-element-85d2698 e-flex e-con-boxed e-con e-parent\" data-id=\"85d2698\" data-element_type=\"container\">\n\t\t\t\t\t<div class=\"e-con-inner\">\n\t\t\t\t<div class=\"elementor-element elementor-element-bf5091b elementor-widget elementor-widget-text-editor\" data-id=\"bf5091b\" data-element_type=\"widget\" data-widget_type=\"text-editor.default\">\n\t\t\t\t<div class=\"elementor-widget-container\">\n\t\t\t\t\t\t\t\t\t<p data-pm-slice=\"1 1 []\">Truly Nolen est\u00e1 certificada bajo la norma <strong>ISO 9001:2015<\/strong>, asegurando la calidad y efectividad de nuestros servicios. Nuestro compromiso con la sostenibilidad nos impulsa a utilizar productos ecol\u00f3gicos y t\u00e9cnicas responsables.<\/p>\t\t\t\t\t\t\t\t<\/div>\n\t\t\t\t<\/div>\n\t\t\t\t\t<\/div>\n\t\t\t\t<\/div>\n\t\t<div class=\"elementor-element elementor-element-30dd5d1 e-flex e-con-boxed e-con e-parent\" data-id=\"30dd5d1\" data-element_type=\"container\">\n\t\t\t\t\t<div class=\"e-con-inner\">\n\t\t\t\t<div class=\"elementor-element elementor-element-7fa1b4a elementor-widget elementor-widget-heading\" data-id=\"7fa1b4a\" data-element_type=\"widget\" data-widget_type=\"heading.default\">\n\t\t\t\t<div class=\"elementor-widget-container\">\n\t\t\t\t\t<h2 class=\"elementor-heading-title elementor-size-default\"><h2 data-pm-slice=\"1 1 []\">Cont\u00e1ctanos<span style=\"color: var( --e-global-color-primary );font-family: var( --e-global-typography-primary-font-family ), Sans-serif;font-size: 2rem;font-weight: var( --e-global-typography-primary-font-weight );text-align: var(--text-align)\"><\/span><\/h2><\/h2>\t\t\t\t<\/div>\n\t\t\t\t<\/div>\n\t\t\t\t\t<\/div>\n\t\t\t\t<\/div>\n\t\t<div class=\"elementor-element elementor-element-e1af6f6 e-flex e-con-boxed e-con e-parent\" data-id=\"e1af6f6\" data-element_type=\"container\">\n\t\t\t\t\t<div class=\"e-con-inner\">\n\t\t\t\t<div class=\"elementor-element elementor-element-4af57d0 elementor-widget elementor-widget-text-editor\" data-id=\"4af57d0\" data-element_type=\"widget\" data-widget_type=\"text-editor.default\">\n\t\t\t\t<div class=\"elementor-widget-container\">\n\t\t\t\t\t\t\t\t\t<p><p><\/p><\/p><p data-pm-slice=\"1 1 []\"><span>Si deseas proteger tu industria alimenticia y garantizar un ambiente libre de plagas, comun\u00edcate con nosotros. Nuestro equipo de expertos est\u00e1 listo para brindarte la mejor soluci\u00f3n adaptada a tu negocio.<\/span><\/p>\t\t\t\t\t\t\t\t<\/div>\n\t\t\t\t<\/div>\n\t\t\t\t\t<\/div>\n\t\t\t\t<\/div>\n\t\t\t\t<\/div>\n\t\t","protected":false},"excerpt":{"rendered":"<p>Importancia del Control de Plagas en la Industria Alimenticia Las plagas representan una de las mayores amenazas para la seguridad alimentaria y la reputaci\u00f3n de las empresas del sector. Su presencia puede provocar: Contaminaci\u00f3n de alimentos: Transmisi\u00f3n de bacterias y enfermedades a trav\u00e9s de insectos y roedores. Incumplimiento de normativas sanitarias: Riesgo de multas y [&hellip;]<\/p>\n","protected":false},"author":1,"featured_media":0,"parent":0,"menu_order":0,"comment_status":"closed","ping_status":"closed","template":"","meta":{"saved_in_kubio":false,"footnotes":""},"class_list":["post-180","page","type-page","status-publish","hentry"],"kubio_ai_page_context":{"short_desc":"","purpose":"general"},"yoast_head":"<!-- This site is optimized with the Yoast SEO plugin v27.5 - https:\/\/yoast.com\/product\/yoast-seo-wordpress\/ -->\n<title>Industrias Alimenticias -<\/title>\n<meta name=\"robots\" content=\"index, follow, max-snippet:-1, max-image-preview:large, max-video-preview:-1\" \/>\n<link rel=\"canonical\" href=\"https:\/\/trulynolen.com.ni\/index.php\/industrias-alimenticias\/\" \/>\n<meta property=\"og:locale\" content=\"es_ES\" \/>\n<meta property=\"og:type\" content=\"article\" \/>\n<meta property=\"og:title\" content=\"Industrias Alimenticias -\" \/>\n<meta property=\"og:description\" content=\"Importancia del Control de Plagas en la Industria Alimenticia Las plagas representan una de las mayores amenazas para la seguridad alimentaria y la reputaci\u00f3n de las empresas del sector. Su presencia puede provocar: Contaminaci\u00f3n de alimentos: Transmisi\u00f3n de bacterias y enfermedades a trav\u00e9s de insectos y roedores. Incumplimiento de normativas sanitarias: Riesgo de multas y [&hellip;]\" \/>\n<meta property=\"og:url\" content=\"https:\/\/trulynolen.com.ni\/index.php\/industrias-alimenticias\/\" \/>\n<meta property=\"article:publisher\" content=\"https:\/\/www.facebook.com\/TrulyNolenNIC\" \/>\n<meta property=\"article:modified_time\" content=\"2025-02-19T20:56:59+00:00\" \/>\n<meta property=\"og:image\" content=\"https:\/\/trulynolen.com.ni\/wp-content\/uploads\/2024\/12\/Fondo-de-pantalla-coming-soon.jpg\" \/>\n\t<meta property=\"og:image:width\" content=\"1920\" \/>\n\t<meta property=\"og:image:height\" content=\"1080\" \/>\n\t<meta property=\"og:image:type\" content=\"image\/jpeg\" \/>\n<meta name=\"twitter:card\" content=\"summary_large_image\" \/>\n<meta name=\"twitter:label1\" content=\"Tiempo de lectura\" \/>\n\t<meta name=\"twitter:data1\" content=\"2 minutos\" \/>\n<script type=\"application\/ld+json\" class=\"yoast-schema-graph\">{\"@context\":\"https:\\\/\\\/schema.org\",\"@graph\":[{\"@type\":\"WebPage\",\"@id\":\"https:\\\/\\\/trulynolen.com.ni\\\/index.php\\\/industrias-alimenticias\\\/\",\"url\":\"https:\\\/\\\/trulynolen.com.ni\\\/index.php\\\/industrias-alimenticias\\\/\",\"name\":\"Industrias Alimenticias -\",\"isPartOf\":{\"@id\":\"https:\\\/\\\/trulynolen.com.ni\\\/#website\"},\"datePublished\":\"2025-02-04T19:24:47+00:00\",\"dateModified\":\"2025-02-19T20:56:59+00:00\",\"breadcrumb\":{\"@id\":\"https:\\\/\\\/trulynolen.com.ni\\\/index.php\\\/industrias-alimenticias\\\/#breadcrumb\"},\"inLanguage\":\"es\",\"potentialAction\":[{\"@type\":\"ReadAction\",\"target\":[\"https:\\\/\\\/trulynolen.com.ni\\\/index.php\\\/industrias-alimenticias\\\/\"]}]},{\"@type\":\"BreadcrumbList\",\"@id\":\"https:\\\/\\\/trulynolen.com.ni\\\/index.php\\\/industrias-alimenticias\\\/#breadcrumb\",\"itemListElement\":[{\"@type\":\"ListItem\",\"position\":1,\"name\":\"Portada\",\"item\":\"https:\\\/\\\/trulynolen.com.ni\\\/\"},{\"@type\":\"ListItem\",\"position\":2,\"name\":\"Industrias Alimenticias\"}]},{\"@type\":\"WebSite\",\"@id\":\"https:\\\/\\\/trulynolen.com.ni\\\/#website\",\"url\":\"https:\\\/\\\/trulynolen.com.ni\\\/\",\"name\":\"Truly Nolen Nicaragua\",\"description\":\"\",\"publisher\":{\"@id\":\"https:\\\/\\\/trulynolen.com.ni\\\/#organization\"},\"potentialAction\":[{\"@type\":\"SearchAction\",\"target\":{\"@type\":\"EntryPoint\",\"urlTemplate\":\"https:\\\/\\\/trulynolen.com.ni\\\/?s={search_term_string}\"},\"query-input\":{\"@type\":\"PropertyValueSpecification\",\"valueRequired\":true,\"valueName\":\"search_term_string\"}}],\"inLanguage\":\"es\"},{\"@type\":\"Organization\",\"@id\":\"https:\\\/\\\/trulynolen.com.ni\\\/#organization\",\"name\":\"Truly Nolen Nicaragua\",\"url\":\"https:\\\/\\\/trulynolen.com.ni\\\/\",\"logo\":{\"@type\":\"ImageObject\",\"inLanguage\":\"es\",\"@id\":\"https:\\\/\\\/trulynolen.com.ni\\\/#\\\/schema\\\/logo\\\/image\\\/\",\"url\":\"https:\\\/\\\/trulynolen.com.ni\\\/wp-content\\\/uploads\\\/2024\\\/12\\\/Untitled-design.jpg\",\"contentUrl\":\"https:\\\/\\\/trulynolen.com.ni\\\/wp-content\\\/uploads\\\/2024\\\/12\\\/Untitled-design.jpg\",\"width\":696,\"height\":696,\"caption\":\"Truly Nolen Nicaragua\"},\"image\":{\"@id\":\"https:\\\/\\\/trulynolen.com.ni\\\/#\\\/schema\\\/logo\\\/image\\\/\"},\"sameAs\":[\"https:\\\/\\\/www.facebook.com\\\/TrulyNolenNIC\"]}]}<\/script>\n<!-- \/ Yoast SEO plugin. -->","yoast_head_json":{"title":"Industrias Alimenticias -","robots":{"index":"index","follow":"follow","max-snippet":"max-snippet:-1","max-image-preview":"max-image-preview:large","max-video-preview":"max-video-preview:-1"},"canonical":"https:\/\/trulynolen.com.ni\/index.php\/industrias-alimenticias\/","og_locale":"es_ES","og_type":"article","og_title":"Industrias Alimenticias -","og_description":"Importancia del Control de Plagas en la Industria Alimenticia Las plagas representan una de las mayores amenazas para la seguridad alimentaria y la reputaci\u00f3n de las empresas del sector. Su presencia puede provocar: Contaminaci\u00f3n de alimentos: Transmisi\u00f3n de bacterias y enfermedades a trav\u00e9s de insectos y roedores. Incumplimiento de normativas sanitarias: Riesgo de multas y [&hellip;]","og_url":"https:\/\/trulynolen.com.ni\/index.php\/industrias-alimenticias\/","article_publisher":"https:\/\/www.facebook.com\/TrulyNolenNIC","article_modified_time":"2025-02-19T20:56:59+00:00","og_image":[{"width":1920,"height":1080,"url":"https:\/\/trulynolen.com.ni\/wp-content\/uploads\/2024\/12\/Fondo-de-pantalla-coming-soon.jpg","type":"image\/jpeg"}],"twitter_card":"summary_large_image","twitter_misc":{"Tiempo de lectura":"2 minutos"},"schema":{"@context":"https:\/\/schema.org","@graph":[{"@type":"WebPage","@id":"https:\/\/trulynolen.com.ni\/index.php\/industrias-alimenticias\/","url":"https:\/\/trulynolen.com.ni\/index.php\/industrias-alimenticias\/","name":"Industrias Alimenticias -","isPartOf":{"@id":"https:\/\/trulynolen.com.ni\/#website"},"datePublished":"2025-02-04T19:24:47+00:00","dateModified":"2025-02-19T20:56:59+00:00","breadcrumb":{"@id":"https:\/\/trulynolen.com.ni\/index.php\/industrias-alimenticias\/#breadcrumb"},"inLanguage":"es","potentialAction":[{"@type":"ReadAction","target":["https:\/\/trulynolen.com.ni\/index.php\/industrias-alimenticias\/"]}]},{"@type":"BreadcrumbList","@id":"https:\/\/trulynolen.com.ni\/index.php\/industrias-alimenticias\/#breadcrumb","itemListElement":[{"@type":"ListItem","position":1,"name":"Portada","item":"https:\/\/trulynolen.com.ni\/"},{"@type":"ListItem","position":2,"name":"Industrias Alimenticias"}]},{"@type":"WebSite","@id":"https:\/\/trulynolen.com.ni\/#website","url":"https:\/\/trulynolen.com.ni\/","name":"Truly Nolen Nicaragua","description":"","publisher":{"@id":"https:\/\/trulynolen.com.ni\/#organization"},"potentialAction":[{"@type":"SearchAction","target":{"@type":"EntryPoint","urlTemplate":"https:\/\/trulynolen.com.ni\/?s={search_term_string}"},"query-input":{"@type":"PropertyValueSpecification","valueRequired":true,"valueName":"search_term_string"}}],"inLanguage":"es"},{"@type":"Organization","@id":"https:\/\/trulynolen.com.ni\/#organization","name":"Truly Nolen Nicaragua","url":"https:\/\/trulynolen.com.ni\/","logo":{"@type":"ImageObject","inLanguage":"es","@id":"https:\/\/trulynolen.com.ni\/#\/schema\/logo\/image\/","url":"https:\/\/trulynolen.com.ni\/wp-content\/uploads\/2024\/12\/Untitled-design.jpg","contentUrl":"https:\/\/trulynolen.com.ni\/wp-content\/uploads\/2024\/12\/Untitled-design.jpg","width":696,"height":696,"caption":"Truly Nolen Nicaragua"},"image":{"@id":"https:\/\/trulynolen.com.ni\/#\/schema\/logo\/image\/"},"sameAs":["https:\/\/www.facebook.com\/TrulyNolenNIC"]}]}},"_links":{"self":[{"href":"https:\/\/trulynolen.com.ni\/index.php\/wp-json\/wp\/v2\/pages\/180","targetHints":{"allow":["GET"]}}],"collection":[{"href":"https:\/\/trulynolen.com.ni\/index.php\/wp-json\/wp\/v2\/pages"}],"about":[{"href":"https:\/\/trulynolen.com.ni\/index.php\/wp-json\/wp\/v2\/types\/page"}],"author":[{"embeddable":true,"href":"https:\/\/trulynolen.com.ni\/index.php\/wp-json\/wp\/v2\/users\/1"}],"replies":[{"embeddable":true,"href":"https:\/\/trulynolen.com.ni\/index.php\/wp-json\/wp\/v2\/comments?post=180"}],"version-history":[{"count":7,"href":"https:\/\/trulynolen.com.ni\/index.php\/wp-json\/wp\/v2\/pages\/180\/revisions"}],"predecessor-version":[{"id":494,"href":"https:\/\/trulynolen.com.ni\/index.php\/wp-json\/wp\/v2\/pages\/180\/revisions\/494"}],"wp:attachment":[{"href":"https:\/\/trulynolen.com.ni\/index.php\/wp-json\/wp\/v2\/media?parent=180"}],"curies":[{"name":"wp","href":"https:\/\/api.w.org\/{rel}","templated":true}]}}